
{"id":8768,"date":"2025-05-10T15:27:05","date_gmt":"2025-05-10T21:27:05","guid":{"rendered":"https:\/\/sreda.mx\/?page_id=8768"},"modified":"2026-04-15T20:19:49","modified_gmt":"2026-04-16T02:19:49","slug":"taller-ia-transformando-e-innovando-la-ensenanza-de-la-nueva-escuela-mexicana","status":"publish","type":"page","link":"https:\/\/sreda.mx\/?page_id=8768","title":{"rendered":"Formaci\u00f3n Docente"},"content":{"rendered":"\n<div style=\"height:5px\" aria-hidden=\"true\" class=\"wp-block-spacer\"><\/div>\n\n\n\n<div style=\"height:5px\" aria-hidden=\"true\" class=\"wp-block-spacer\"><\/div>\n\n\n\n<div class=\"wp-block-stackable-text stk-block-text stk-block stk-27b2618\" data-block-id=\"27b2618\"><p class=\"stk-block-text__text has-text-align-justify\">En el <strong>Programa de Educaci\u00f3n a Distancia<\/strong>, estamos convencidos de que la tecnolog\u00eda integrada en la educaci\u00f3n no es solo una tendencia, sino una <strong>oportunidad transformadora<\/strong> para elevar la calidad del aprendizaje, potenciar la ense\u00f1anza y optimizar la gesti\u00f3n educativa.<\/p><\/div>\n\n\n\n<div class=\"wp-block-stackable-text stk-block-text stk-block stk-37b8d51\" data-block-id=\"37b8d51\"><p class=\"stk-block-text__text has-text-align-justify\">Nuestro objetivo es brindar a toda la comunidad educativa las herramientas, recursos y aplicaciones digitales que puedan ser <strong>integradas y vinculadas directamente a la pr\u00e1ctica docente diaria<\/strong>, respondiendo a los retos de los entornos actuales.<\/p><\/div>\n\n\n\n<div class=\"wp-block-stackable-text stk-block-text stk-block stk-4641f46\" data-block-id=\"4641f46\"><p class=\"stk-block-text__text has-text-align-justify\">Explora los diferentes talleres y cursos que hemos preparado para ti. Cada programa est\u00e1 dise\u00f1ado para que lo aprendido se traduzca en una mejora inmediata dentro de tu aula.<\/p><\/div>\n\n\n\n<blockquote class=\"wp-block-stackable-blockquote stk-block-blockquote stk-block stk-da48571 is-style-default\" data-v=\"2\" data-block-id=\"da48571\"><div class=\"has-text-align-left stk-block-blockquote__content stk-container stk-da48571-container stk-hover-parent\"><div class=\"stk-block-content stk-inner-blocks\">\n<div class=\"wp-block-stackable-icon stk-block-icon stk-block stk-2f2ad04\" data-block-id=\"2f2ad04\"><span class=\"stk--svg-wrapper\"><div class=\"stk--inner-svg\"><svg style=\"height:0;width:0\"><defs><linearGradient id=\"linear-gradient-2f2ad04\" x1=\"0\" x2=\"100%\" y1=\"0\" y2=\"0\"><stop offset=\"0%\" style=\"stop-opacity:1;stop-color:var(--linear-gradient-2-f-2-ad-04-color-1)\"><\/stop><stop offset=\"100%\" style=\"stop-opacity:1;stop-color:var(--linear-gradient-2-f-2-ad-04-color-2)\"><\/stop><\/linearGradient><\/defs><\/svg><svg xmlns=\"http:\/\/www.w3.org\/2000\/svg\" viewBox=\"0 0 50 50\" aria-hidden=\"true\" width=\"32\" height=\"32\"><path d=\"M19.8 9.3C10.5 11.8 4.6 17 2.1 24.8c2.3-3.6 5.6-5.4 9.9-5.4 3.3 0 6 1.1 8.3 3.3 2.2 2.2 3.4 5 3.4 8.3 0 3.2-1.1 5.8-3.3 8-2.2 2.2-5.1 3.2-8.7 3.2-3.7 0-6.5-1.2-8.6-3.5C1 36.3 0 33.1 0 29 0 18.3 6.5 11.2 19.6 7.9l.2 1.4zm26.4 0C36.9 11.9 31 17 28.5 24.8c2.2-3.6 5.5-5.4 9.8-5.4 3.2 0 6 1.1 8.3 3.2 2.3 2.2 3.4 4.9 3.4 8.3 0 3.1-1.1 5.8-3.3 7.9-2.2 2.2-5.1 3.3-8.6 3.3-3.7 0-6.6-1.1-8.6-3.4-2.1-2.3-3.1-5.5-3.1-9.7 0-10.7 6.6-17.8 19.7-21.1l.1 1.4z\"><\/path><\/svg><\/div><\/span><\/div>\n\n\n\n<div class=\"wp-block-stackable-text stk-block-text stk-block stk-57baac5\" data-block-id=\"57baac5\"><style>.stk-57baac5 .stk-block-text__text{font-size:20px !important;}@media screen and (max-width: 1023px){.stk-57baac5 .stk-block-text__text{font-size:20px !important;}}<\/style><p class=\"stk-block-text__text\"><strong>La tecnolog\u00eda es la herramienta, el docente es el motor del cambio.<\/strong><\/p><\/div>\n<\/div><\/div><\/blockquote>\n\n\n\n<div class=\"wp-block-stackable-divider stk-block-divider stk-block stk-1860fcc is-style-bar\" data-block-id=\"1860fcc\"><style>.stk-1860fcc hr.stk-block-divider__hr{border-radius:calc(15px \/ 2) !important;height:15px !important;}<\/style><hr class=\"stk-block-divider__hr\"\/><\/div>\n\n\n\n<div class=\"wp-block-stackable-card stk-block-card stk-block stk-3610eb6 is-style-default\" data-v=\"2\" data-block-id=\"3610eb6\"><style>.stk-3610eb6 .stk-block-card__image{height:510px !important;}<\/style><div class=\"stk--no-padding stk-container stk-3610eb6-container stk-hover-parent\"><figure class=\"stk-block-card__image stk-img-wrapper stk-image--shape-stretch\"><img data-recalc-dims=\"1\" loading=\"lazy\" decoding=\"async\" data-attachment-id=\"12274\" data-permalink=\"https:\/\/sreda.mx\/?attachment_id=12274#main\" data-orig-file=\"https:\/\/i0.wp.com\/sreda.mx\/wp-content\/uploads\/2026\/04\/creaCanva.jpg?fit=880%2C586&amp;ssl=1\" data-orig-size=\"880,586\" data-comments-opened=\"1\" data-image-meta=\"{&quot;aperture&quot;:&quot;0&quot;,&quot;credit&quot;:&quot;&quot;,&quot;camera&quot;:&quot;&quot;,&quot;caption&quot;:&quot;&quot;,&quot;created_timestamp&quot;:&quot;0&quot;,&quot;copyright&quot;:&quot;&quot;,&quot;focal_length&quot;:&quot;0&quot;,&quot;iso&quot;:&quot;0&quot;,&quot;shutter_speed&quot;:&quot;0&quot;,&quot;title&quot;:&quot;&quot;,&quot;orientation&quot;:&quot;1&quot;}\" data-image-title=\"creaCanva\" data-image-description=\"\" data-image-caption=\"\" data-large-file=\"https:\/\/i0.wp.com\/sreda.mx\/wp-content\/uploads\/2026\/04\/creaCanva.jpg?fit=880%2C586&amp;ssl=1\" class=\"stk-img wp-image-12274\" src=\"https:\/\/i0.wp.com\/sreda.mx\/wp-content\/uploads\/2026\/04\/creaCanva.jpg?resize=880%2C586&#038;ssl=1\" width=\"880\" height=\"586\" srcset=\"https:\/\/i0.wp.com\/sreda.mx\/wp-content\/uploads\/2026\/04\/creaCanva.jpg?w=880&amp;ssl=1 880w, https:\/\/i0.wp.com\/sreda.mx\/wp-content\/uploads\/2026\/04\/creaCanva.jpg?resize=300%2C200&amp;ssl=1 300w, https:\/\/i0.wp.com\/sreda.mx\/wp-content\/uploads\/2026\/04\/creaCanva.jpg?resize=768%2C511&amp;ssl=1 768w, https:\/\/i0.wp.com\/sreda.mx\/wp-content\/uploads\/2026\/04\/creaCanva.jpg?resize=480%2C320&amp;ssl=1 480w, https:\/\/i0.wp.com\/sreda.mx\/wp-content\/uploads\/2026\/04\/creaCanva.jpg?resize=385%2C257&amp;ssl=1 385w\" sizes=\"auto, (max-width: 880px) 100vw, 880px\" \/><\/figure><div class=\"stk-container-padding stk-block-card__content\"><div class=\"stk-block-content stk-inner-blocks stk-3610eb6-inner-blocks\">\n<div class=\"wp-block-stackable-text stk-block-text stk-block stk-68b693d\" data-block-id=\"68b693d\"><p class=\"stk-block-text__text has-text-align-justify\">El <strong>Taller: Educa, Crea y Dise\u00f1a con Canva<\/strong>, tiene como objetivo, brindar a los docentes las herramientas b\u00e1sicas para utilizar Canva como una plataforma de dise\u00f1o accesible y pr\u00e1ctica, que potencie la presentaci\u00f3n de contenidos educativos, la elaboraci\u00f3n de recursos visuales y la motivaci\u00f3n del alumnado.<\/p><\/div>\n<\/div><\/div><\/div><\/div>\n\n\n\n<div class=\"wp-block-stackable-card stk-block-card stk-block stk-b33fa0b is-style-default\" data-v=\"2\" data-block-id=\"b33fa0b\"><style>.stk-b33fa0b .stk-block-card__image{height:510px !important;}<\/style><div class=\"stk--no-padding stk-container stk-b33fa0b-container stk-hover-parent\"><figure class=\"stk-block-card__image stk-img-wrapper stk-image--shape-stretch\"><img data-recalc-dims=\"1\" loading=\"lazy\" decoding=\"async\" data-attachment-id=\"8769\" data-permalink=\"https:\/\/sreda.mx\/?attachment_id=8769#main\" data-orig-file=\"https:\/\/i0.wp.com\/sreda.mx\/wp-content\/uploads\/2025\/05\/taller-ia-portada.jpg?fit=880%2C586&amp;ssl=1\" data-orig-size=\"880,586\" data-comments-opened=\"1\" data-image-meta=\"{&quot;aperture&quot;:&quot;0&quot;,&quot;credit&quot;:&quot;&quot;,&quot;camera&quot;:&quot;&quot;,&quot;caption&quot;:&quot;&quot;,&quot;created_timestamp&quot;:&quot;0&quot;,&quot;copyright&quot;:&quot;&quot;,&quot;focal_length&quot;:&quot;0&quot;,&quot;iso&quot;:&quot;0&quot;,&quot;shutter_speed&quot;:&quot;0&quot;,&quot;title&quot;:&quot;&quot;,&quot;orientation&quot;:&quot;1&quot;}\" data-image-title=\"taller ia portada\" data-image-description=\"\" data-image-caption=\"\" data-large-file=\"https:\/\/i0.wp.com\/sreda.mx\/wp-content\/uploads\/2025\/05\/taller-ia-portada.jpg?fit=880%2C586&amp;ssl=1\" class=\"stk-img wp-image-8769\" src=\"https:\/\/i0.wp.com\/sreda.mx\/wp-content\/uploads\/2025\/05\/taller-ia-portada.jpg?resize=880%2C586&#038;ssl=1\" width=\"880\" height=\"586\" srcset=\"https:\/\/i0.wp.com\/sreda.mx\/wp-content\/uploads\/2025\/05\/taller-ia-portada.jpg?w=880&amp;ssl=1 880w, https:\/\/i0.wp.com\/sreda.mx\/wp-content\/uploads\/2025\/05\/taller-ia-portada.jpg?resize=300%2C200&amp;ssl=1 300w, https:\/\/i0.wp.com\/sreda.mx\/wp-content\/uploads\/2025\/05\/taller-ia-portada.jpg?resize=768%2C511&amp;ssl=1 768w, https:\/\/i0.wp.com\/sreda.mx\/wp-content\/uploads\/2025\/05\/taller-ia-portada.jpg?resize=480%2C320&amp;ssl=1 480w, https:\/\/i0.wp.com\/sreda.mx\/wp-content\/uploads\/2025\/05\/taller-ia-portada.jpg?resize=385%2C257&amp;ssl=1 385w\" sizes=\"auto, (max-width: 880px) 100vw, 880px\" \/><\/figure><div class=\"stk-container-padding stk-block-card__content\"><div class=\"stk-block-content stk-inner-blocks stk-b33fa0b-inner-blocks\">\n<div class=\"wp-block-stackable-text stk-block-text stk-block stk-833a61e\" data-block-id=\"833a61e\"><p class=\"stk-block-text__text has-text-align-justify\">El <strong>Taller: IA, transformando e innovando la ense\u00f1anza de la Nueva Escuela Mexicana<\/strong>, tiene como objetivo, brindar a los docentes los conocimientos y habilidades b\u00e1sicas para utilizar ChatGPT y Gamma como herramientas de apoyo en la planeaci\u00f3n, dise\u00f1o de materiales y actividades did\u00e1cticas, promoviendo una pr\u00e1ctica educativa m\u00e1s innovadora, eficiente y centrada en el aprendizaje.&nbsp;<\/p><\/div>\n<\/div><\/div><\/div><\/div>\n","protected":false},"excerpt":{"rendered":"<p>En el Programa de Educaci\u00f3n a Distancia, estamos convencidos de que la tecnolog\u00eda integrada en la educaci\u00f3n no es solo una tendencia, sino una oportunidad transformadora para elevar la calidad del aprendizaje, potenciar la ense\u00f1anza y optimizar la gesti\u00f3n educativa. <a class=\"more-link\" href=\"https:\/\/sreda.mx\/?page_id=8768\">Leer M\u00e1s &#8230;<\/a><\/p>\n","protected":false},"author":3,"featured_media":0,"parent":0,"menu_order":0,"comment_status":"closed","ping_status":"closed","template":"","meta":{"footnotes":""},"folder":[342],"class_list":["post-8768","page","type-page","status-publish","hentry"],"featured_image_urls_v2":{"full":"","thumbnail":"","medium":"","medium_large":"","large":"","1536x1536":"","2048x2048":"","post-thumbnail":"","clean-magazine-slider":"","clean-magazine-featured":"","clean-magazine-landscape":"","clean-magazine-small":""},"post_excerpt_stackable_v2":"<p>En el Programa de Educaci\u00f3n a Distancia, estamos convencidos de que la tecnolog\u00eda integrada en la educaci\u00f3n no es solo una tendencia, sino una oportunidad transformadora para elevar la calidad del aprendizaje, potenciar la ense\u00f1anza y optimizar la gesti\u00f3n educativa. Nuestro objetivo es brindar a toda la comunidad educativa las herramientas, recursos y aplicaciones digitales que puedan ser integradas y vinculadas directamente a la pr\u00e1ctica docente diaria, respondiendo a los retos de los entornos actuales. Explora los diferentes talleres y cursos que hemos preparado para ti. Cada programa est\u00e1 dise\u00f1ado para que lo aprendido se traduzca en una mejora inmediata&hellip;<\/p>\n","category_list_v2":"","author_info_v2":{"name":"geekMx","url":"https:\/\/sreda.mx\/?author=3"},"comments_num_v2":"0 comments","yoast_head":"<!-- This site is optimized with the Yoast SEO plugin v27.5 - https:\/\/yoast.com\/product\/yoast-seo-wordpress\/ -->\n<title>Formaci\u00f3n Docente - Educaci\u00f3n a Distancia Acapulco<\/title>\n<meta name=\"robots\" content=\"index, follow, max-snippet:-1, max-image-preview:large, max-video-preview:-1\" \/>\n<link rel=\"canonical\" href=\"https:\/\/sreda.mx\/?page_id=8768\" \/>\n<meta property=\"og:locale\" content=\"es_MX\" \/>\n<meta property=\"og:type\" content=\"article\" \/>\n<meta property=\"og:title\" content=\"Formaci\u00f3n Docente - Educaci\u00f3n a Distancia Acapulco\" \/>\n<meta property=\"og:description\" content=\"En el Programa de Educaci\u00f3n a Distancia, estamos convencidos de que la tecnolog\u00eda integrada en la educaci\u00f3n no es solo una tendencia, sino una oportunidad transformadora para elevar la calidad del aprendizaje, potenciar la ense\u00f1anza y optimizar la gesti\u00f3n educativa. Leer M\u00e1s ...\" \/>\n<meta property=\"og:url\" content=\"https:\/\/sreda.mx\/?page_id=8768\" \/>\n<meta property=\"og:site_name\" content=\"Educaci\u00f3n a Distancia Acapulco\" \/>\n<meta property=\"article:publisher\" content=\"https:\/\/www.facebook.com\/educacionadistancia.aca\" \/>\n<meta property=\"article:modified_time\" content=\"2026-04-16T02:19:49+00:00\" \/>\n<meta property=\"og:image\" content=\"https:\/\/sreda.mx\/wp-content\/uploads\/2026\/04\/creaCanva.jpg\" \/>\n<meta name=\"twitter:card\" content=\"summary_large_image\" \/>\n<meta name=\"twitter:site\" content=\"@contactoSREDA\" \/>\n<meta name=\"twitter:label1\" content=\"Tiempo de lectura\" \/>\n\t<meta name=\"twitter:data1\" content=\"2 minutos\" \/>\n<script type=\"application\/ld+json\" class=\"yoast-schema-graph\">{\"@context\":\"https:\\\/\\\/schema.org\",\"@graph\":[{\"@type\":\"WebPage\",\"@id\":\"https:\\\/\\\/sreda.mx\\\/?page_id=8768\",\"url\":\"https:\\\/\\\/sreda.mx\\\/?page_id=8768\",\"name\":\"Formaci\u00f3n Docente - Educaci\u00f3n a Distancia Acapulco\",\"isPartOf\":{\"@id\":\"https:\\\/\\\/sreda.mx\\\/#website\"},\"primaryImageOfPage\":{\"@id\":\"https:\\\/\\\/sreda.mx\\\/?page_id=8768#primaryimage\"},\"image\":{\"@id\":\"https:\\\/\\\/sreda.mx\\\/?page_id=8768#primaryimage\"},\"thumbnailUrl\":\"https:\\\/\\\/sreda.mx\\\/wp-content\\\/uploads\\\/2026\\\/04\\\/creaCanva.jpg\",\"datePublished\":\"2025-05-10T21:27:05+00:00\",\"dateModified\":\"2026-04-16T02:19:49+00:00\",\"breadcrumb\":{\"@id\":\"https:\\\/\\\/sreda.mx\\\/?page_id=8768#breadcrumb\"},\"inLanguage\":\"es\",\"potentialAction\":[{\"@type\":\"ReadAction\",\"target\":[\"https:\\\/\\\/sreda.mx\\\/?page_id=8768\"]}]},{\"@type\":\"ImageObject\",\"inLanguage\":\"es\",\"@id\":\"https:\\\/\\\/sreda.mx\\\/?page_id=8768#primaryimage\",\"url\":\"https:\\\/\\\/i0.wp.com\\\/sreda.mx\\\/wp-content\\\/uploads\\\/2026\\\/04\\\/creaCanva.jpg?fit=880%2C586&ssl=1\",\"contentUrl\":\"https:\\\/\\\/i0.wp.com\\\/sreda.mx\\\/wp-content\\\/uploads\\\/2026\\\/04\\\/creaCanva.jpg?fit=880%2C586&ssl=1\",\"width\":880,\"height\":586},{\"@type\":\"BreadcrumbList\",\"@id\":\"https:\\\/\\\/sreda.mx\\\/?page_id=8768#breadcrumb\",\"itemListElement\":[{\"@type\":\"ListItem\",\"position\":1,\"name\":\"Inicio\",\"item\":\"https:\\\/\\\/sreda.mx\\\/\"},{\"@type\":\"ListItem\",\"position\":2,\"name\":\"Formaci\u00f3n Docente\"}]},{\"@type\":\"WebSite\",\"@id\":\"https:\\\/\\\/sreda.mx\\\/#website\",\"url\":\"https:\\\/\\\/sreda.mx\\\/\",\"name\":\"Educaci\u00f3n a Distancia Acapulco\",\"description\":\"Impulsando el uso de las TIC.\",\"publisher\":{\"@id\":\"https:\\\/\\\/sreda.mx\\\/#organization\"},\"potentialAction\":[{\"@type\":\"SearchAction\",\"target\":{\"@type\":\"EntryPoint\",\"urlTemplate\":\"https:\\\/\\\/sreda.mx\\\/?s={search_term_string}\"},\"query-input\":{\"@type\":\"PropertyValueSpecification\",\"valueRequired\":true,\"valueName\":\"search_term_string\"}}],\"inLanguage\":\"es\"},{\"@type\":\"Organization\",\"@id\":\"https:\\\/\\\/sreda.mx\\\/#organization\",\"name\":\"Educaci\u00f3n a Distancia Acapulco\",\"url\":\"https:\\\/\\\/sreda.mx\\\/\",\"logo\":{\"@type\":\"ImageObject\",\"inLanguage\":\"es\",\"@id\":\"https:\\\/\\\/sreda.mx\\\/#\\\/schema\\\/logo\\\/image\\\/\",\"url\":\"https:\\\/\\\/i0.wp.com\\\/sreda.mx\\\/wp-content\\\/uploads\\\/2018\\\/04\\\/cropped-sreda-icon-4.png?fit=512%2C512&ssl=1\",\"contentUrl\":\"https:\\\/\\\/i0.wp.com\\\/sreda.mx\\\/wp-content\\\/uploads\\\/2018\\\/04\\\/cropped-sreda-icon-4.png?fit=512%2C512&ssl=1\",\"width\":512,\"height\":512,\"caption\":\"Educaci\u00f3n a Distancia Acapulco\"},\"image\":{\"@id\":\"https:\\\/\\\/sreda.mx\\\/#\\\/schema\\\/logo\\\/image\\\/\"},\"sameAs\":[\"https:\\\/\\\/www.facebook.com\\\/educacionadistancia.aca\",\"https:\\\/\\\/x.com\\\/contactoSREDA\"]}]}<\/script>\n<!-- \/ Yoast SEO plugin. -->","yoast_head_json":{"title":"Formaci\u00f3n Docente - Educaci\u00f3n a Distancia Acapulco","robots":{"index":"index","follow":"follow","max-snippet":"max-snippet:-1","max-image-preview":"max-image-preview:large","max-video-preview":"max-video-preview:-1"},"canonical":"https:\/\/sreda.mx\/?page_id=8768","og_locale":"es_MX","og_type":"article","og_title":"Formaci\u00f3n Docente - Educaci\u00f3n a Distancia Acapulco","og_description":"En el Programa de Educaci\u00f3n a Distancia, estamos convencidos de que la tecnolog\u00eda integrada en la educaci\u00f3n no es solo una tendencia, sino una oportunidad transformadora para elevar la calidad del aprendizaje, potenciar la ense\u00f1anza y optimizar la gesti\u00f3n educativa. Leer M\u00e1s ...","og_url":"https:\/\/sreda.mx\/?page_id=8768","og_site_name":"Educaci\u00f3n a Distancia Acapulco","article_publisher":"https:\/\/www.facebook.com\/educacionadistancia.aca","article_modified_time":"2026-04-16T02:19:49+00:00","og_image":[{"url":"https:\/\/sreda.mx\/wp-content\/uploads\/2026\/04\/creaCanva.jpg","type":"","width":"","height":""}],"twitter_card":"summary_large_image","twitter_site":"@contactoSREDA","twitter_misc":{"Tiempo de lectura":"2 minutos"},"schema":{"@context":"https:\/\/schema.org","@graph":[{"@type":"WebPage","@id":"https:\/\/sreda.mx\/?page_id=8768","url":"https:\/\/sreda.mx\/?page_id=8768","name":"Formaci\u00f3n Docente - Educaci\u00f3n a Distancia Acapulco","isPartOf":{"@id":"https:\/\/sreda.mx\/#website"},"primaryImageOfPage":{"@id":"https:\/\/sreda.mx\/?page_id=8768#primaryimage"},"image":{"@id":"https:\/\/sreda.mx\/?page_id=8768#primaryimage"},"thumbnailUrl":"https:\/\/sreda.mx\/wp-content\/uploads\/2026\/04\/creaCanva.jpg","datePublished":"2025-05-10T21:27:05+00:00","dateModified":"2026-04-16T02:19:49+00:00","breadcrumb":{"@id":"https:\/\/sreda.mx\/?page_id=8768#breadcrumb"},"inLanguage":"es","potentialAction":[{"@type":"ReadAction","target":["https:\/\/sreda.mx\/?page_id=8768"]}]},{"@type":"ImageObject","inLanguage":"es","@id":"https:\/\/sreda.mx\/?page_id=8768#primaryimage","url":"https:\/\/i0.wp.com\/sreda.mx\/wp-content\/uploads\/2026\/04\/creaCanva.jpg?fit=880%2C586&ssl=1","contentUrl":"https:\/\/i0.wp.com\/sreda.mx\/wp-content\/uploads\/2026\/04\/creaCanva.jpg?fit=880%2C586&ssl=1","width":880,"height":586},{"@type":"BreadcrumbList","@id":"https:\/\/sreda.mx\/?page_id=8768#breadcrumb","itemListElement":[{"@type":"ListItem","position":1,"name":"Inicio","item":"https:\/\/sreda.mx\/"},{"@type":"ListItem","position":2,"name":"Formaci\u00f3n Docente"}]},{"@type":"WebSite","@id":"https:\/\/sreda.mx\/#website","url":"https:\/\/sreda.mx\/","name":"Educaci\u00f3n a Distancia Acapulco","description":"Impulsando el uso de las TIC.","publisher":{"@id":"https:\/\/sreda.mx\/#organization"},"potentialAction":[{"@type":"SearchAction","target":{"@type":"EntryPoint","urlTemplate":"https:\/\/sreda.mx\/?s={search_term_string}"},"query-input":{"@type":"PropertyValueSpecification","valueRequired":true,"valueName":"search_term_string"}}],"inLanguage":"es"},{"@type":"Organization","@id":"https:\/\/sreda.mx\/#organization","name":"Educaci\u00f3n a Distancia Acapulco","url":"https:\/\/sreda.mx\/","logo":{"@type":"ImageObject","inLanguage":"es","@id":"https:\/\/sreda.mx\/#\/schema\/logo\/image\/","url":"https:\/\/i0.wp.com\/sreda.mx\/wp-content\/uploads\/2018\/04\/cropped-sreda-icon-4.png?fit=512%2C512&ssl=1","contentUrl":"https:\/\/i0.wp.com\/sreda.mx\/wp-content\/uploads\/2018\/04\/cropped-sreda-icon-4.png?fit=512%2C512&ssl=1","width":512,"height":512,"caption":"Educaci\u00f3n a Distancia Acapulco"},"image":{"@id":"https:\/\/sreda.mx\/#\/schema\/logo\/image\/"},"sameAs":["https:\/\/www.facebook.com\/educacionadistancia.aca","https:\/\/x.com\/contactoSREDA"]}]}},"jetpack_sharing_enabled":true,"jetpack_shortlink":"https:\/\/wp.me\/PaZysX-2hq","_links":{"self":[{"href":"https:\/\/sreda.mx\/index.php?rest_route=\/wp\/v2\/pages\/8768","targetHints":{"allow":["GET"]}}],"collection":[{"href":"https:\/\/sreda.mx\/index.php?rest_route=\/wp\/v2\/pages"}],"about":[{"href":"https:\/\/sreda.mx\/index.php?rest_route=\/wp\/v2\/types\/page"}],"author":[{"embeddable":true,"href":"https:\/\/sreda.mx\/index.php?rest_route=\/wp\/v2\/users\/3"}],"replies":[{"embeddable":true,"href":"https:\/\/sreda.mx\/index.php?rest_route=%2Fwp%2Fv2%2Fcomments&post=8768"}],"version-history":[{"count":17,"href":"https:\/\/sreda.mx\/index.php?rest_route=\/wp\/v2\/pages\/8768\/revisions"}],"predecessor-version":[{"id":12371,"href":"https:\/\/sreda.mx\/index.php?rest_route=\/wp\/v2\/pages\/8768\/revisions\/12371"}],"wp:attachment":[{"href":"https:\/\/sreda.mx\/index.php?rest_route=%2Fwp%2Fv2%2Fmedia&parent=8768"}],"wp:term":[{"taxonomy":"folder","embeddable":true,"href":"https:\/\/sreda.mx\/index.php?rest_route=%2Fwp%2Fv2%2Ffolder&post=8768"}],"curies":[{"name":"wp","href":"https:\/\/api.w.org\/{rel}","templated":true}]}}