
{"id":887,"date":"2018-01-08T14:44:03","date_gmt":"2018-01-08T20:44:03","guid":{"rendered":"https:\/\/sreda.mx\/?page_id=887"},"modified":"2022-08-23T17:25:24","modified_gmt":"2022-08-23T22:25:24","slug":"ambientes-de-aprendizaje","status":"publish","type":"page","link":"https:\/\/sreda.mx\/?page_id=887","title":{"rendered":"Ambientes de Aprendizaje"},"content":{"rendered":"<div class=\"wp-block-image\">\n<figure class=\"aligncenter is-resized\"><img data-recalc-dims=\"1\" loading=\"lazy\" decoding=\"async\" data-attachment-id=\"512\" data-permalink=\"https:\/\/sreda.mx\/?attachment_id=512\" data-orig-file=\"https:\/\/i0.wp.com\/sreda.mx\/wp-content\/uploads\/2018\/04\/shartsanjd.png?fit=1024%2C1024&amp;ssl=1\" data-orig-size=\"1024,1024\" data-comments-opened=\"1\" data-image-meta=\"{&quot;aperture&quot;:&quot;0&quot;,&quot;credit&quot;:&quot;&quot;,&quot;camera&quot;:&quot;&quot;,&quot;caption&quot;:&quot;&quot;,&quot;created_timestamp&quot;:&quot;0&quot;,&quot;copyright&quot;:&quot;&quot;,&quot;focal_length&quot;:&quot;0&quot;,&quot;iso&quot;:&quot;0&quot;,&quot;shutter_speed&quot;:&quot;0&quot;,&quot;title&quot;:&quot;&quot;,&quot;orientation&quot;:&quot;0&quot;}\" data-image-title=\"ambientes\" data-image-description=\"&lt;p&gt;ambientes de aprendizaje&lt;\/p&gt;\n\" data-image-caption=\"\" data-large-file=\"https:\/\/i0.wp.com\/sreda.mx\/wp-content\/uploads\/2018\/04\/shartsanjd.png?fit=880%2C880&amp;ssl=1\" src=\"https:\/\/i0.wp.com\/sreda.mx\/wp-content\/uploads\/2018\/04\/shartsanjd.png?resize=293%2C293&#038;ssl=1\" alt=\"ambientes de aprendizaje\" class=\"wp-image-512\" width=\"293\" height=\"293\" srcset=\"https:\/\/i0.wp.com\/sreda.mx\/wp-content\/uploads\/2018\/04\/shartsanjd.png?w=1024&amp;ssl=1 1024w, https:\/\/i0.wp.com\/sreda.mx\/wp-content\/uploads\/2018\/04\/shartsanjd.png?resize=150%2C150&amp;ssl=1 150w, https:\/\/i0.wp.com\/sreda.mx\/wp-content\/uploads\/2018\/04\/shartsanjd.png?resize=300%2C300&amp;ssl=1 300w, https:\/\/i0.wp.com\/sreda.mx\/wp-content\/uploads\/2018\/04\/shartsanjd.png?resize=768%2C768&amp;ssl=1 768w, https:\/\/i0.wp.com\/sreda.mx\/wp-content\/uploads\/2018\/04\/shartsanjd.png?resize=270%2C270&amp;ssl=1 270w\" sizes=\"auto, (max-width: 293px) 100vw, 293px\" \/><\/figure>\n<\/div>\n\n\n<p>El presente espacio tiene como prop\u00f3sito compartir e intercambiar entre los Responsables de Aulas de Medios y personal acad\u00e9mico de esta subcoordinaci\u00f3n, proyectos y estrategias did\u00e1cticas dise\u00f1ados e implementados en la Regi\u00f3n, con la finalidad de promover una pr\u00e1ctica docente innovadora, que contribuya al desarrollo de contenidos curriculares o responder a situaciones educativas concretas, mediante la creaci\u00f3n de ambientes de aprendizaje haciendo uso pertinente de las tecnolog\u00edas y otros recursos para generar aprendizaje y el conocimiento (TAC).<\/p>\n\n\n\n<p><em><strong>Ambiente de aprendizaje<\/strong>&nbsp;es un espacio en el que los estudiantes interact\u00faan, bajo condiciones y circunstancias f\u00edsicas, humanas, sociales y culturales propicias, para generar experiencias de&nbsp;<strong>aprendizaje&nbsp;<\/strong>significativo y con sentido (Colombia, 2017).<\/em><\/p>\n","protected":false},"excerpt":{"rendered":"<p>El presente espacio tiene como prop\u00f3sito compartir e intercambiar entre los Responsables de Aulas de Medios y personal acad\u00e9mico de esta subcoordinaci\u00f3n, proyectos y estrategias did\u00e1cticas dise\u00f1ados e implementados en la Regi\u00f3n, con la finalidad de promover una pr\u00e1ctica docente <a class=\"more-link\" href=\"https:\/\/sreda.mx\/?page_id=887\">Leer M\u00e1s &#8230;<\/a><\/p>\n","protected":false},"author":3,"featured_media":0,"parent":0,"menu_order":0,"comment_status":"closed","ping_status":"closed","template":"","meta":{"footnotes":""},"folder":[342],"class_list":["post-887","page","type-page","status-publish","hentry"],"featured_image_urls_v2":{"full":"","thumbnail":"","medium":"","medium_large":"","large":"","1536x1536":"","2048x2048":"","post-thumbnail":"","clean-magazine-slider":"","clean-magazine-featured":"","clean-magazine-landscape":"","clean-magazine-small":""},"post_excerpt_stackable_v2":"<p>El presente espacio tiene como prop\u00f3sito compartir e intercambiar entre los Responsables de Aulas de Medios y personal acad\u00e9mico de esta subcoordinaci\u00f3n, proyectos y estrategias did\u00e1cticas dise\u00f1ados e implementados en la Regi\u00f3n, con la finalidad de promover una pr\u00e1ctica docente innovadora, que contribuya al desarrollo de contenidos curriculares o responder a situaciones educativas concretas, mediante la creaci\u00f3n de ambientes de aprendizaje haciendo uso pertinente de las tecnolog\u00edas y otros recursos para generar aprendizaje y el conocimiento (TAC). Ambiente de aprendizaje&nbsp;es un espacio en el que los estudiantes interact\u00faan, bajo condiciones y circunstancias f\u00edsicas, humanas, sociales y culturales propicias, para generar&hellip;<\/p>\n","category_list_v2":"","author_info_v2":{"name":"geekMx","url":"https:\/\/sreda.mx\/?author=3"},"comments_num_v2":"0 comments","yoast_head":"<!-- This site is optimized with the Yoast SEO plugin v27.5 - https:\/\/yoast.com\/product\/yoast-seo-wordpress\/ -->\n<title>Ambientes de Aprendizaje - Educaci\u00f3n a Distancia Acapulco<\/title>\n<meta name=\"robots\" content=\"index, follow, max-snippet:-1, max-image-preview:large, max-video-preview:-1\" \/>\n<link rel=\"canonical\" href=\"https:\/\/sreda.mx\/?page_id=887\" \/>\n<meta property=\"og:locale\" content=\"es_MX\" \/>\n<meta property=\"og:type\" content=\"article\" \/>\n<meta property=\"og:title\" content=\"Ambientes de Aprendizaje - Educaci\u00f3n a Distancia Acapulco\" \/>\n<meta property=\"og:description\" content=\"El presente espacio tiene como prop\u00f3sito compartir e intercambiar entre los Responsables de Aulas de Medios y personal acad\u00e9mico de esta subcoordinaci\u00f3n, proyectos y estrategias did\u00e1cticas dise\u00f1ados e implementados en la Regi\u00f3n, con la finalidad de promover una pr\u00e1ctica docente Leer M\u00e1s ...\" \/>\n<meta property=\"og:url\" content=\"https:\/\/sreda.mx\/?page_id=887\" \/>\n<meta property=\"og:site_name\" content=\"Educaci\u00f3n a Distancia Acapulco\" \/>\n<meta property=\"article:publisher\" content=\"https:\/\/www.facebook.com\/educacionadistancia.aca\" \/>\n<meta property=\"article:modified_time\" content=\"2022-08-23T22:25:24+00:00\" \/>\n<meta property=\"og:image\" content=\"https:\/\/sreda.mx\/wp-content\/uploads\/2018\/04\/shartsanjd.png\" \/>\n<meta name=\"twitter:card\" content=\"summary_large_image\" \/>\n<meta name=\"twitter:site\" content=\"@contactoSREDA\" \/>\n<meta name=\"twitter:label1\" content=\"Tiempo de lectura\" \/>\n\t<meta name=\"twitter:data1\" content=\"1 minuto\" \/>\n<script type=\"application\/ld+json\" class=\"yoast-schema-graph\">{\"@context\":\"https:\\\/\\\/schema.org\",\"@graph\":[{\"@type\":\"WebPage\",\"@id\":\"https:\\\/\\\/sreda.mx\\\/?page_id=887\",\"url\":\"https:\\\/\\\/sreda.mx\\\/?page_id=887\",\"name\":\"Ambientes de Aprendizaje - Educaci\u00f3n a Distancia Acapulco\",\"isPartOf\":{\"@id\":\"https:\\\/\\\/sreda.mx\\\/#website\"},\"primaryImageOfPage\":{\"@id\":\"https:\\\/\\\/sreda.mx\\\/?page_id=887#primaryimage\"},\"image\":{\"@id\":\"https:\\\/\\\/sreda.mx\\\/?page_id=887#primaryimage\"},\"thumbnailUrl\":\"https:\\\/\\\/sreda.mx\\\/wp-content\\\/uploads\\\/2018\\\/04\\\/shartsanjd.png\",\"datePublished\":\"2018-01-08T20:44:03+00:00\",\"dateModified\":\"2022-08-23T22:25:24+00:00\",\"breadcrumb\":{\"@id\":\"https:\\\/\\\/sreda.mx\\\/?page_id=887#breadcrumb\"},\"inLanguage\":\"es\",\"potentialAction\":[{\"@type\":\"ReadAction\",\"target\":[\"https:\\\/\\\/sreda.mx\\\/?page_id=887\"]}]},{\"@type\":\"ImageObject\",\"inLanguage\":\"es\",\"@id\":\"https:\\\/\\\/sreda.mx\\\/?page_id=887#primaryimage\",\"url\":\"https:\\\/\\\/i0.wp.com\\\/sreda.mx\\\/wp-content\\\/uploads\\\/2018\\\/04\\\/shartsanjd.png?fit=1024%2C1024&ssl=1\",\"contentUrl\":\"https:\\\/\\\/i0.wp.com\\\/sreda.mx\\\/wp-content\\\/uploads\\\/2018\\\/04\\\/shartsanjd.png?fit=1024%2C1024&ssl=1\",\"width\":1024,\"height\":1024,\"caption\":\"ambientes de aprendizaje\"},{\"@type\":\"BreadcrumbList\",\"@id\":\"https:\\\/\\\/sreda.mx\\\/?page_id=887#breadcrumb\",\"itemListElement\":[{\"@type\":\"ListItem\",\"position\":1,\"name\":\"Inicio\",\"item\":\"https:\\\/\\\/sreda.mx\\\/\"},{\"@type\":\"ListItem\",\"position\":2,\"name\":\"Ambientes de Aprendizaje\"}]},{\"@type\":\"WebSite\",\"@id\":\"https:\\\/\\\/sreda.mx\\\/#website\",\"url\":\"https:\\\/\\\/sreda.mx\\\/\",\"name\":\"Educaci\u00f3n a Distancia Acapulco\",\"description\":\"Impulsando el uso de las TIC.\",\"publisher\":{\"@id\":\"https:\\\/\\\/sreda.mx\\\/#organization\"},\"potentialAction\":[{\"@type\":\"SearchAction\",\"target\":{\"@type\":\"EntryPoint\",\"urlTemplate\":\"https:\\\/\\\/sreda.mx\\\/?s={search_term_string}\"},\"query-input\":{\"@type\":\"PropertyValueSpecification\",\"valueRequired\":true,\"valueName\":\"search_term_string\"}}],\"inLanguage\":\"es\"},{\"@type\":\"Organization\",\"@id\":\"https:\\\/\\\/sreda.mx\\\/#organization\",\"name\":\"Educaci\u00f3n a Distancia Acapulco\",\"url\":\"https:\\\/\\\/sreda.mx\\\/\",\"logo\":{\"@type\":\"ImageObject\",\"inLanguage\":\"es\",\"@id\":\"https:\\\/\\\/sreda.mx\\\/#\\\/schema\\\/logo\\\/image\\\/\",\"url\":\"https:\\\/\\\/i0.wp.com\\\/sreda.mx\\\/wp-content\\\/uploads\\\/2018\\\/04\\\/cropped-sreda-icon-4.png?fit=512%2C512&ssl=1\",\"contentUrl\":\"https:\\\/\\\/i0.wp.com\\\/sreda.mx\\\/wp-content\\\/uploads\\\/2018\\\/04\\\/cropped-sreda-icon-4.png?fit=512%2C512&ssl=1\",\"width\":512,\"height\":512,\"caption\":\"Educaci\u00f3n a Distancia Acapulco\"},\"image\":{\"@id\":\"https:\\\/\\\/sreda.mx\\\/#\\\/schema\\\/logo\\\/image\\\/\"},\"sameAs\":[\"https:\\\/\\\/www.facebook.com\\\/educacionadistancia.aca\",\"https:\\\/\\\/x.com\\\/contactoSREDA\"]}]}<\/script>\n<!-- \/ Yoast SEO plugin. -->","yoast_head_json":{"title":"Ambientes de Aprendizaje - Educaci\u00f3n a Distancia Acapulco","robots":{"index":"index","follow":"follow","max-snippet":"max-snippet:-1","max-image-preview":"max-image-preview:large","max-video-preview":"max-video-preview:-1"},"canonical":"https:\/\/sreda.mx\/?page_id=887","og_locale":"es_MX","og_type":"article","og_title":"Ambientes de Aprendizaje - Educaci\u00f3n a Distancia Acapulco","og_description":"El presente espacio tiene como prop\u00f3sito compartir e intercambiar entre los Responsables de Aulas de Medios y personal acad\u00e9mico de esta subcoordinaci\u00f3n, proyectos y estrategias did\u00e1cticas dise\u00f1ados e implementados en la Regi\u00f3n, con la finalidad de promover una pr\u00e1ctica docente Leer M\u00e1s ...","og_url":"https:\/\/sreda.mx\/?page_id=887","og_site_name":"Educaci\u00f3n a Distancia Acapulco","article_publisher":"https:\/\/www.facebook.com\/educacionadistancia.aca","article_modified_time":"2022-08-23T22:25:24+00:00","og_image":[{"url":"https:\/\/sreda.mx\/wp-content\/uploads\/2018\/04\/shartsanjd.png","type":"","width":"","height":""}],"twitter_card":"summary_large_image","twitter_site":"@contactoSREDA","twitter_misc":{"Tiempo de lectura":"1 minuto"},"schema":{"@context":"https:\/\/schema.org","@graph":[{"@type":"WebPage","@id":"https:\/\/sreda.mx\/?page_id=887","url":"https:\/\/sreda.mx\/?page_id=887","name":"Ambientes de Aprendizaje - Educaci\u00f3n a Distancia Acapulco","isPartOf":{"@id":"https:\/\/sreda.mx\/#website"},"primaryImageOfPage":{"@id":"https:\/\/sreda.mx\/?page_id=887#primaryimage"},"image":{"@id":"https:\/\/sreda.mx\/?page_id=887#primaryimage"},"thumbnailUrl":"https:\/\/sreda.mx\/wp-content\/uploads\/2018\/04\/shartsanjd.png","datePublished":"2018-01-08T20:44:03+00:00","dateModified":"2022-08-23T22:25:24+00:00","breadcrumb":{"@id":"https:\/\/sreda.mx\/?page_id=887#breadcrumb"},"inLanguage":"es","potentialAction":[{"@type":"ReadAction","target":["https:\/\/sreda.mx\/?page_id=887"]}]},{"@type":"ImageObject","inLanguage":"es","@id":"https:\/\/sreda.mx\/?page_id=887#primaryimage","url":"https:\/\/i0.wp.com\/sreda.mx\/wp-content\/uploads\/2018\/04\/shartsanjd.png?fit=1024%2C1024&ssl=1","contentUrl":"https:\/\/i0.wp.com\/sreda.mx\/wp-content\/uploads\/2018\/04\/shartsanjd.png?fit=1024%2C1024&ssl=1","width":1024,"height":1024,"caption":"ambientes de aprendizaje"},{"@type":"BreadcrumbList","@id":"https:\/\/sreda.mx\/?page_id=887#breadcrumb","itemListElement":[{"@type":"ListItem","position":1,"name":"Inicio","item":"https:\/\/sreda.mx\/"},{"@type":"ListItem","position":2,"name":"Ambientes de Aprendizaje"}]},{"@type":"WebSite","@id":"https:\/\/sreda.mx\/#website","url":"https:\/\/sreda.mx\/","name":"Educaci\u00f3n a Distancia Acapulco","description":"Impulsando el uso de las TIC.","publisher":{"@id":"https:\/\/sreda.mx\/#organization"},"potentialAction":[{"@type":"SearchAction","target":{"@type":"EntryPoint","urlTemplate":"https:\/\/sreda.mx\/?s={search_term_string}"},"query-input":{"@type":"PropertyValueSpecification","valueRequired":true,"valueName":"search_term_string"}}],"inLanguage":"es"},{"@type":"Organization","@id":"https:\/\/sreda.mx\/#organization","name":"Educaci\u00f3n a Distancia Acapulco","url":"https:\/\/sreda.mx\/","logo":{"@type":"ImageObject","inLanguage":"es","@id":"https:\/\/sreda.mx\/#\/schema\/logo\/image\/","url":"https:\/\/i0.wp.com\/sreda.mx\/wp-content\/uploads\/2018\/04\/cropped-sreda-icon-4.png?fit=512%2C512&ssl=1","contentUrl":"https:\/\/i0.wp.com\/sreda.mx\/wp-content\/uploads\/2018\/04\/cropped-sreda-icon-4.png?fit=512%2C512&ssl=1","width":512,"height":512,"caption":"Educaci\u00f3n a Distancia Acapulco"},"image":{"@id":"https:\/\/sreda.mx\/#\/schema\/logo\/image\/"},"sameAs":["https:\/\/www.facebook.com\/educacionadistancia.aca","https:\/\/x.com\/contactoSREDA"]}]}},"jetpack_sharing_enabled":true,"jetpack_shortlink":"https:\/\/wp.me\/PaZysX-ej","_links":{"self":[{"href":"https:\/\/sreda.mx\/index.php?rest_route=\/wp\/v2\/pages\/887","targetHints":{"allow":["GET"]}}],"collection":[{"href":"https:\/\/sreda.mx\/index.php?rest_route=\/wp\/v2\/pages"}],"about":[{"href":"https:\/\/sreda.mx\/index.php?rest_route=\/wp\/v2\/types\/page"}],"author":[{"embeddable":true,"href":"https:\/\/sreda.mx\/index.php?rest_route=\/wp\/v2\/users\/3"}],"replies":[{"embeddable":true,"href":"https:\/\/sreda.mx\/index.php?rest_route=%2Fwp%2Fv2%2Fcomments&post=887"}],"version-history":[{"count":7,"href":"https:\/\/sreda.mx\/index.php?rest_route=\/wp\/v2\/pages\/887\/revisions"}],"predecessor-version":[{"id":4144,"href":"https:\/\/sreda.mx\/index.php?rest_route=\/wp\/v2\/pages\/887\/revisions\/4144"}],"wp:attachment":[{"href":"https:\/\/sreda.mx\/index.php?rest_route=%2Fwp%2Fv2%2Fmedia&parent=887"}],"wp:term":[{"taxonomy":"folder","embeddable":true,"href":"https:\/\/sreda.mx\/index.php?rest_route=%2Fwp%2Fv2%2Ffolder&post=887"}],"curies":[{"name":"wp","href":"https:\/\/api.w.org\/{rel}","templated":true}]}}