
{"id":891,"date":"2018-04-19T21:54:49","date_gmt":"2018-04-20T02:54:49","guid":{"rendered":"https:\/\/sreda.mx\/?page_id=891"},"modified":"2026-04-02T13:06:59","modified_gmt":"2026-04-02T19:06:59","slug":"estrategias-didacticas","status":"publish","type":"page","link":"https:\/\/sreda.mx\/?page_id=891","title":{"rendered":"Estrategias Did\u00e1cticas"},"content":{"rendered":"\n<div class=\"wp-block-stackable-image stk-block-image stk-block stk-4095f21\" data-block-id=\"4095f21\"><figure><span class=\"stk-img-wrapper stk-image--shape-stretch\"><img data-recalc-dims=\"1\" loading=\"lazy\" decoding=\"async\" data-attachment-id=\"12258\" data-permalink=\"https:\/\/sreda.mx\/?attachment_id=12258#main\" data-orig-file=\"https:\/\/i0.wp.com\/sreda.mx\/wp-content\/uploads\/2026\/04\/estrategiasDidacticas_img.jpg?fit=880%2C586&amp;ssl=1\" data-orig-size=\"880,586\" data-comments-opened=\"1\" data-image-meta=\"{&quot;aperture&quot;:&quot;0&quot;,&quot;credit&quot;:&quot;&quot;,&quot;camera&quot;:&quot;&quot;,&quot;caption&quot;:&quot;&quot;,&quot;created_timestamp&quot;:&quot;0&quot;,&quot;copyright&quot;:&quot;&quot;,&quot;focal_length&quot;:&quot;0&quot;,&quot;iso&quot;:&quot;0&quot;,&quot;shutter_speed&quot;:&quot;0&quot;,&quot;title&quot;:&quot;&quot;,&quot;orientation&quot;:&quot;1&quot;}\" data-image-title=\"estrategiasDidacticas_img\" data-image-description=\"\" data-image-caption=\"\" data-large-file=\"https:\/\/i0.wp.com\/sreda.mx\/wp-content\/uploads\/2026\/04\/estrategiasDidacticas_img.jpg?fit=880%2C586&amp;ssl=1\" class=\"stk-img wp-image-12258\" src=\"https:\/\/i0.wp.com\/sreda.mx\/wp-content\/uploads\/2026\/04\/estrategiasDidacticas_img.jpg?resize=880%2C586&#038;ssl=1\" width=\"880\" height=\"586\" srcset=\"https:\/\/i0.wp.com\/sreda.mx\/wp-content\/uploads\/2026\/04\/estrategiasDidacticas_img.jpg?w=880&amp;ssl=1 880w, https:\/\/i0.wp.com\/sreda.mx\/wp-content\/uploads\/2026\/04\/estrategiasDidacticas_img.jpg?resize=300%2C200&amp;ssl=1 300w, https:\/\/i0.wp.com\/sreda.mx\/wp-content\/uploads\/2026\/04\/estrategiasDidacticas_img.jpg?resize=768%2C511&amp;ssl=1 768w, https:\/\/i0.wp.com\/sreda.mx\/wp-content\/uploads\/2026\/04\/estrategiasDidacticas_img.jpg?resize=480%2C320&amp;ssl=1 480w, https:\/\/i0.wp.com\/sreda.mx\/wp-content\/uploads\/2026\/04\/estrategiasDidacticas_img.jpg?resize=385%2C257&amp;ssl=1 385w\" sizes=\"auto, (max-width: 880px) 100vw, 880px\" \/><\/span><\/figure><\/div>\n\n\n\n<div class=\"wp-block-stackable-text stk-block-text stk-block stk-072ed9c\" data-block-id=\"072ed9c\"><p class=\"stk-block-text__text has-text-align-justify\">\u201cEl plan de estudios 2022 se\u00f1ala a la integraci\u00f3n curricular como uno de los aspectos primordiales que se han de impulsarse, con la integraci\u00f3n de alcanzar los rasgos del Perfil de Egreso e incorporar los Ejes Articuladores a lo largo del trayecto formativo de la Educaci\u00f3n B\u00e1sica.&nbsp;<\/p><\/div>\n\n\n\n<div class=\"wp-block-stackable-text stk-block-text stk-block stk-5dfb174\" data-block-id=\"5dfb174\"><p class=\"stk-block-text__text has-text-align-justify\">Los Programas de Estudio plantean un curr\u00edculo integrado en donde los contenidos de las disciplinas se relacionan con ejes de articulaci\u00f3n que vinculan el saber y el conocimiento con situaciones de la realidad, todo ello organizado en cuatro campos formativos.&nbsp;<\/p><\/div>\n\n\n\n<div class=\"wp-block-stackable-text stk-block-text stk-block stk-befa89e\" data-block-id=\"befa89e\"><p class=\"stk-block-text__text has-text-align-justify\">&#8230;en este sentido, la estructura de los Programas Sint\u00e9ticos considera distintos elementos curriculares que permiten orientar la pr\u00e1ctica de las maestras y maestros para lograr una articulaci\u00f3n y vinculaci\u00f3n de los aprendizajes que han de desarrollar ni\u00f1as, ni\u00f1os y adolescentes\u201d.&nbsp;<\/p><\/div>\n\n\n\n<div class=\"wp-block-stackable-text stk-block-text stk-block stk-00495b8\" data-block-id=\"00495b8\"><p class=\"stk-block-text__text has-text-align-justify\">En esta secci\u00f3n se promueven <strong>estrategias did\u00e1cticas<\/strong> basadas en enfoques y m\u00e9todos de la Nueva Escuela Mexicana (NEM), a trav\u00e9s de un conjunto articulado de acciones pedag\u00f3gicas y actividades planificadas, as\u00ed como herramientas de evaluaci\u00f3n formativa que conlleven a que los estudiantes logren aprendizajes significativos a partir de su mundo inmediato, a trav\u00e9s de relatos, textos, temas, testimonios, etc\u00e9tera, y una tarea a realizar en una situaci\u00f3n de la vida real.&nbsp;&nbsp;<\/p><\/div>\n\n\n\n<div class=\"wp-block-stackable-divider stk-block-divider stk-block stk-7b8a8b4 is-style-bar\" data-block-id=\"7b8a8b4\"><style>.stk-7b8a8b4 hr.stk-block-divider__hr{border-radius:calc(15px \/ 2) !important;height:15px !important;}<\/style><hr class=\"stk-block-divider__hr\"\/><\/div>\n\n\n\n<div class=\"wp-block-stackable-card stk-block-card stk-block stk-7a1b8b9 is-style-default\" data-v=\"2\" data-block-id=\"7a1b8b9\"><style>.stk-7a1b8b9 .stk-block-card__image{height:514px !important;}<\/style><div class=\"stk--no-padding stk-container stk-7a1b8b9-container stk-hover-parent\"><figure class=\"stk-block-card__image stk-img-wrapper stk-image--shape-stretch\"><img data-recalc-dims=\"1\" loading=\"lazy\" decoding=\"async\" data-attachment-id=\"8165\" data-permalink=\"https:\/\/sreda.mx\/?attachment_id=8165#main\" data-orig-file=\"https:\/\/i0.wp.com\/sreda.mx\/wp-content\/uploads\/2025\/02\/Figuras-Geometricas-en-la-Naturaleza-1.png?fit=880%2C586&amp;ssl=1\" data-orig-size=\"880,586\" data-comments-opened=\"1\" data-image-meta=\"{&quot;aperture&quot;:&quot;0&quot;,&quot;credit&quot;:&quot;&quot;,&quot;camera&quot;:&quot;&quot;,&quot;caption&quot;:&quot;&quot;,&quot;created_timestamp&quot;:&quot;0&quot;,&quot;copyright&quot;:&quot;&quot;,&quot;focal_length&quot;:&quot;0&quot;,&quot;iso&quot;:&quot;0&quot;,&quot;shutter_speed&quot;:&quot;0&quot;,&quot;title&quot;:&quot;&quot;,&quot;orientation&quot;:&quot;0&quot;}\" data-image-title=\"Figuras Geom\u00e9tricas en la Naturaleza (1)\" data-image-description=\"\" data-image-caption=\"\" data-large-file=\"https:\/\/i0.wp.com\/sreda.mx\/wp-content\/uploads\/2025\/02\/Figuras-Geometricas-en-la-Naturaleza-1.png?fit=880%2C586&amp;ssl=1\" class=\"stk-img wp-image-8165\" src=\"https:\/\/i0.wp.com\/sreda.mx\/wp-content\/uploads\/2025\/02\/Figuras-Geometricas-en-la-Naturaleza-1.png?resize=880%2C586&#038;ssl=1\" width=\"880\" height=\"586\" srcset=\"https:\/\/i0.wp.com\/sreda.mx\/wp-content\/uploads\/2025\/02\/Figuras-Geometricas-en-la-Naturaleza-1.png?w=880&amp;ssl=1 880w, https:\/\/i0.wp.com\/sreda.mx\/wp-content\/uploads\/2025\/02\/Figuras-Geometricas-en-la-Naturaleza-1.png?resize=300%2C200&amp;ssl=1 300w, https:\/\/i0.wp.com\/sreda.mx\/wp-content\/uploads\/2025\/02\/Figuras-Geometricas-en-la-Naturaleza-1.png?resize=768%2C511&amp;ssl=1 768w, https:\/\/i0.wp.com\/sreda.mx\/wp-content\/uploads\/2025\/02\/Figuras-Geometricas-en-la-Naturaleza-1.png?resize=480%2C320&amp;ssl=1 480w, https:\/\/i0.wp.com\/sreda.mx\/wp-content\/uploads\/2025\/02\/Figuras-Geometricas-en-la-Naturaleza-1.png?resize=385%2C257&amp;ssl=1 385w\" sizes=\"auto, (max-width: 880px) 100vw, 880px\" \/><\/figure><div class=\"stk-container-padding stk-block-card__content\"><div class=\"stk-block-content stk-inner-blocks stk-7a1b8b9-inner-blocks\">\n<div class=\"wp-block-stackable-heading stk-block-heading stk-block-heading--v2 stk-block stk-abb39dd\" id=\"em-strong-fec-strong-em-vigente-durante-el-ciclo-escolar\" data-block-id=\"abb39dd\"><h2 class=\"stk-block-heading__text\"><strong>Periodo<\/strong><em><strong>:&nbsp;<\/strong><\/em>Vigente durante el Ciclo Escolar.<\/h2><\/div>\n\n\n\n<div class=\"wp-block-stackable-text stk-block-text stk-block stk-6483095\" data-block-id=\"6483095\"><p class=\"stk-block-text__text has-text-align-justify\">Te invitamos a participar en la estrategia <strong><a href=\"https:\/\/sreda.mx\/?page_id=7864\" target=\"_blank\" rel=\"noreferrer noopener\">&#8220;Figuras Geom\u00e9tricas en la Naturaleza&#8221;<\/a><\/strong>, donde identificar\u00e1s algunas figuras geom\u00e9tricas en tu entorno natural. En esta aventura de aprendizaje los alumnos desarrollar\u00e1n habilidades de observaci\u00f3n y creatividad con la geometr\u00eda.<\/p><\/div>\n\n\n\n<div class=\"wp-block-stackable-text stk-block-text stk-block stk-3cbc68f\" data-block-id=\"3cbc68f\"><p class=\"stk-block-text__text has-text-align-justify\">En la naturaleza se pueden encontrar diversas figuras geom\u00e9tricas, aunque no siempre perfectas o regulares, sino que a menudo aparecen en formas irregulares y con patrones complejos.&nbsp;<\/p><\/div>\n<\/div><\/div><\/div><\/div>\n\n\n\n<div class=\"wp-block-stackable-card stk-block-card stk-block stk-1f94b5d is-style-default\" data-v=\"2\" data-block-id=\"1f94b5d\"><style>.stk-1f94b5d .stk-block-card__image{height:450px !important;}<\/style><div class=\"stk--no-padding stk-container stk-1f94b5d-container stk-hover-parent\"><figure class=\"stk-block-card__image stk-img-wrapper stk-image--shape-stretch\"><img data-recalc-dims=\"1\" loading=\"lazy\" decoding=\"async\" data-attachment-id=\"8750\" data-permalink=\"https:\/\/sreda.mx\/?attachment_id=8750#main\" data-orig-file=\"https:\/\/i0.wp.com\/sreda.mx\/wp-content\/uploads\/2025\/05\/tradiciones-por-los-caminos-del-sur-portada.jpg?fit=880%2C586&amp;ssl=1\" data-orig-size=\"880,586\" data-comments-opened=\"1\" data-image-meta=\"{&quot;aperture&quot;:&quot;0&quot;,&quot;credit&quot;:&quot;&quot;,&quot;camera&quot;:&quot;&quot;,&quot;caption&quot;:&quot;&quot;,&quot;created_timestamp&quot;:&quot;0&quot;,&quot;copyright&quot;:&quot;&quot;,&quot;focal_length&quot;:&quot;0&quot;,&quot;iso&quot;:&quot;0&quot;,&quot;shutter_speed&quot;:&quot;0&quot;,&quot;title&quot;:&quot;&quot;,&quot;orientation&quot;:&quot;1&quot;}\" data-image-title=\"tradiciones por los caminos del sur portada\" data-image-description=\"\" data-image-caption=\"\" data-large-file=\"https:\/\/i0.wp.com\/sreda.mx\/wp-content\/uploads\/2025\/05\/tradiciones-por-los-caminos-del-sur-portada.jpg?fit=880%2C586&amp;ssl=1\" class=\"stk-img wp-image-8750\" src=\"https:\/\/i0.wp.com\/sreda.mx\/wp-content\/uploads\/2025\/05\/tradiciones-por-los-caminos-del-sur-portada.jpg?resize=880%2C586&#038;ssl=1\" width=\"880\" height=\"586\" srcset=\"https:\/\/i0.wp.com\/sreda.mx\/wp-content\/uploads\/2025\/05\/tradiciones-por-los-caminos-del-sur-portada.jpg?w=880&amp;ssl=1 880w, https:\/\/i0.wp.com\/sreda.mx\/wp-content\/uploads\/2025\/05\/tradiciones-por-los-caminos-del-sur-portada.jpg?resize=300%2C200&amp;ssl=1 300w, https:\/\/i0.wp.com\/sreda.mx\/wp-content\/uploads\/2025\/05\/tradiciones-por-los-caminos-del-sur-portada.jpg?resize=768%2C511&amp;ssl=1 768w, https:\/\/i0.wp.com\/sreda.mx\/wp-content\/uploads\/2025\/05\/tradiciones-por-los-caminos-del-sur-portada.jpg?resize=480%2C320&amp;ssl=1 480w, https:\/\/i0.wp.com\/sreda.mx\/wp-content\/uploads\/2025\/05\/tradiciones-por-los-caminos-del-sur-portada.jpg?resize=385%2C257&amp;ssl=1 385w\" sizes=\"auto, (max-width: 880px) 100vw, 880px\" \/><\/figure><div class=\"stk-container-padding stk-block-card__content\"><div class=\"stk-block-content stk-inner-blocks stk-1f94b5d-inner-blocks\">\n<div class=\"wp-block-stackable-heading stk-block-heading stk-block-heading--v2 stk-block stk-005b563\" id=\"strong-periodo-strong-em-strong-strong-em-vigente-durante-el-ciclo-escolar\" data-block-id=\"005b563\"><h2 class=\"stk-block-heading__text\"><strong>Periodo:<\/strong><em><strong>&nbsp;<\/strong><\/em>Vigente durante el Ciclo Escolar.<\/h2><\/div>\n\n\n\n<div class=\"wp-block-stackable-text stk-block-text stk-block stk-72f10b2\" data-block-id=\"72f10b2\"><p class=\"stk-block-text__text has-text-align-justify\">En esta aventura de aprendizaje <strong><a href=\"https:\/\/sreda.mx\/?page_id=10646\" target=\"_blank\" rel=\"noreferrer noopener\">&#8220;Tradiciones por los caminos del Sur&#8221;<\/a><\/strong>, conoceremos la importancia de los festejos tradicionales de tu comunidad.&nbsp;Te invitamos a desarrollar la estrategia con la finalidad de generar ambientes de convivencia pac\u00edfica,&nbsp;cooperaci\u00f3n e inclusi\u00f3n.&nbsp;<\/p><\/div>\n<\/div><\/div><\/div><\/div>\n\n\n\n<p><\/p>\n","protected":false},"excerpt":{"rendered":"<p>\u201cEl plan de estudios 2022 se\u00f1ala a la integraci\u00f3n curricular como uno de los aspectos primordiales que se han de impulsarse, con la integraci\u00f3n de alcanzar los rasgos del Perfil de Egreso e incorporar los Ejes Articuladores a lo largo <a class=\"more-link\" href=\"https:\/\/sreda.mx\/?page_id=891\">Leer M\u00e1s &#8230;<\/a><\/p>\n","protected":false},"author":3,"featured_media":0,"parent":887,"menu_order":2,"comment_status":"closed","ping_status":"closed","template":"","meta":{"footnotes":""},"folder":[342],"class_list":["post-891","page","type-page","status-publish","hentry"],"featured_image_urls_v2":{"full":"","thumbnail":"","medium":"","medium_large":"","large":"","1536x1536":"","2048x2048":"","post-thumbnail":"","clean-magazine-slider":"","clean-magazine-featured":"","clean-magazine-landscape":"","clean-magazine-small":""},"post_excerpt_stackable_v2":"<p>\u201cEl plan de estudios 2022 se\u00f1ala a la integraci\u00f3n curricular como uno de los aspectos primordiales que se han de impulsarse, con la integraci\u00f3n de alcanzar los rasgos del Perfil de Egreso e incorporar los Ejes Articuladores a lo largo del trayecto formativo de la Educaci\u00f3n B\u00e1sica.&nbsp; Los Programas de Estudio plantean un curr\u00edculo integrado en donde los contenidos de las disciplinas se relacionan con ejes de articulaci\u00f3n que vinculan el saber y el conocimiento con situaciones de la realidad, todo ello organizado en cuatro campos formativos.&nbsp; &#8230;en este sentido, la estructura de los Programas Sint\u00e9ticos considera distintos elementos curriculares&hellip;<\/p>\n","category_list_v2":"","author_info_v2":{"name":"geekMx","url":"https:\/\/sreda.mx\/?author=3"},"comments_num_v2":"0 comments","yoast_head":"<!-- This site is optimized with the Yoast SEO plugin v27.5 - https:\/\/yoast.com\/product\/yoast-seo-wordpress\/ -->\n<title>Estrategias Did\u00e1cticas - Educaci\u00f3n a Distancia Acapulco<\/title>\n<meta name=\"description\" content=\"En esta secci\u00f3n se promueven estrategias did\u00e1cticas basadas en enfoques y m\u00e9todos de la Nueva Escuela Mexicana (NEM), a trav\u00e9s de un conjunto articulado de acciones pedag\u00f3gicas y actividades planificadas, as\u00ed como herramientas de evaluaci\u00f3n formativa que conlleven a que los estudiantes logren aprendizajes significativos a partir de su mundo inmediato, a trav\u00e9s de relatos, textos, temas, testimonios, etc\u00e9tera, y una tarea a realizar en una situaci\u00f3n de la vida real.\u00a0\u00a0\" \/>\n<meta name=\"robots\" content=\"index, follow, max-snippet:-1, max-image-preview:large, max-video-preview:-1\" \/>\n<link rel=\"canonical\" href=\"https:\/\/sreda.mx\/?page_id=891\" \/>\n<meta property=\"og:locale\" content=\"es_MX\" \/>\n<meta property=\"og:type\" content=\"article\" \/>\n<meta property=\"og:title\" content=\"Estrategias Did\u00e1cticas - Educaci\u00f3n a Distancia Acapulco\" \/>\n<meta property=\"og:description\" content=\"En esta secci\u00f3n se promueven estrategias did\u00e1cticas basadas en enfoques y m\u00e9todos de la Nueva Escuela Mexicana (NEM), a trav\u00e9s de un conjunto articulado de acciones pedag\u00f3gicas y actividades planificadas, as\u00ed como herramientas de evaluaci\u00f3n formativa que conlleven a que los estudiantes logren aprendizajes significativos a partir de su mundo inmediato, a trav\u00e9s de relatos, textos, temas, testimonios, etc\u00e9tera, y una tarea a realizar en una situaci\u00f3n de la vida real.\u00a0\u00a0\" \/>\n<meta property=\"og:url\" content=\"https:\/\/sreda.mx\/?page_id=891\" \/>\n<meta property=\"og:site_name\" content=\"Educaci\u00f3n a Distancia Acapulco\" \/>\n<meta property=\"article:publisher\" content=\"https:\/\/www.facebook.com\/educacionadistancia.aca\" \/>\n<meta property=\"article:modified_time\" content=\"2026-04-02T19:06:59+00:00\" \/>\n<meta property=\"og:image\" content=\"https:\/\/sreda.mx\/wp-content\/uploads\/2026\/04\/estrategiasDidacticas_img.jpg\" \/>\n<meta name=\"twitter:card\" content=\"summary_large_image\" \/>\n<meta name=\"twitter:site\" content=\"@contactoSREDA\" \/>\n<meta name=\"twitter:label1\" content=\"Tiempo de lectura\" \/>\n\t<meta name=\"twitter:data1\" content=\"2 minutos\" \/>\n<script type=\"application\/ld+json\" class=\"yoast-schema-graph\">{\"@context\":\"https:\\\/\\\/schema.org\",\"@graph\":[{\"@type\":\"WebPage\",\"@id\":\"https:\\\/\\\/sreda.mx\\\/?page_id=891\",\"url\":\"https:\\\/\\\/sreda.mx\\\/?page_id=891\",\"name\":\"Estrategias Did\u00e1cticas - Educaci\u00f3n a Distancia Acapulco\",\"isPartOf\":{\"@id\":\"https:\\\/\\\/sreda.mx\\\/#website\"},\"primaryImageOfPage\":{\"@id\":\"https:\\\/\\\/sreda.mx\\\/?page_id=891#primaryimage\"},\"image\":{\"@id\":\"https:\\\/\\\/sreda.mx\\\/?page_id=891#primaryimage\"},\"thumbnailUrl\":\"https:\\\/\\\/sreda.mx\\\/wp-content\\\/uploads\\\/2026\\\/04\\\/estrategiasDidacticas_img.jpg\",\"datePublished\":\"2018-04-20T02:54:49+00:00\",\"dateModified\":\"2026-04-02T19:06:59+00:00\",\"description\":\"En esta secci\u00f3n se promueven estrategias did\u00e1cticas basadas en enfoques y m\u00e9todos de la Nueva Escuela Mexicana (NEM), a trav\u00e9s de un conjunto articulado de acciones pedag\u00f3gicas y actividades planificadas, as\u00ed como herramientas de evaluaci\u00f3n formativa que conlleven a que los estudiantes logren aprendizajes significativos a partir de su mundo inmediato, a trav\u00e9s de relatos, textos, temas, testimonios, etc\u00e9tera, y una tarea a realizar en una situaci\u00f3n de la vida real.\u00a0\u00a0\",\"breadcrumb\":{\"@id\":\"https:\\\/\\\/sreda.mx\\\/?page_id=891#breadcrumb\"},\"inLanguage\":\"es\",\"potentialAction\":[{\"@type\":\"ReadAction\",\"target\":[\"https:\\\/\\\/sreda.mx\\\/?page_id=891\"]}]},{\"@type\":\"ImageObject\",\"inLanguage\":\"es\",\"@id\":\"https:\\\/\\\/sreda.mx\\\/?page_id=891#primaryimage\",\"url\":\"https:\\\/\\\/i0.wp.com\\\/sreda.mx\\\/wp-content\\\/uploads\\\/2026\\\/04\\\/estrategiasDidacticas_img.jpg?fit=880%2C586&ssl=1\",\"contentUrl\":\"https:\\\/\\\/i0.wp.com\\\/sreda.mx\\\/wp-content\\\/uploads\\\/2026\\\/04\\\/estrategiasDidacticas_img.jpg?fit=880%2C586&ssl=1\",\"width\":880,\"height\":586},{\"@type\":\"BreadcrumbList\",\"@id\":\"https:\\\/\\\/sreda.mx\\\/?page_id=891#breadcrumb\",\"itemListElement\":[{\"@type\":\"ListItem\",\"position\":1,\"name\":\"Inicio\",\"item\":\"https:\\\/\\\/sreda.mx\\\/\"},{\"@type\":\"ListItem\",\"position\":2,\"name\":\"Ambientes de Aprendizaje\",\"item\":\"https:\\\/\\\/sreda.mx\\\/?page_id=887\"},{\"@type\":\"ListItem\",\"position\":3,\"name\":\"Estrategias Did\u00e1cticas\"}]},{\"@type\":\"WebSite\",\"@id\":\"https:\\\/\\\/sreda.mx\\\/#website\",\"url\":\"https:\\\/\\\/sreda.mx\\\/\",\"name\":\"Educaci\u00f3n a Distancia Acapulco\",\"description\":\"Impulsando el uso de las TIC.\",\"publisher\":{\"@id\":\"https:\\\/\\\/sreda.mx\\\/#organization\"},\"potentialAction\":[{\"@type\":\"SearchAction\",\"target\":{\"@type\":\"EntryPoint\",\"urlTemplate\":\"https:\\\/\\\/sreda.mx\\\/?s={search_term_string}\"},\"query-input\":{\"@type\":\"PropertyValueSpecification\",\"valueRequired\":true,\"valueName\":\"search_term_string\"}}],\"inLanguage\":\"es\"},{\"@type\":\"Organization\",\"@id\":\"https:\\\/\\\/sreda.mx\\\/#organization\",\"name\":\"Educaci\u00f3n a Distancia Acapulco\",\"url\":\"https:\\\/\\\/sreda.mx\\\/\",\"logo\":{\"@type\":\"ImageObject\",\"inLanguage\":\"es\",\"@id\":\"https:\\\/\\\/sreda.mx\\\/#\\\/schema\\\/logo\\\/image\\\/\",\"url\":\"https:\\\/\\\/i0.wp.com\\\/sreda.mx\\\/wp-content\\\/uploads\\\/2018\\\/04\\\/cropped-sreda-icon-4.png?fit=512%2C512&ssl=1\",\"contentUrl\":\"https:\\\/\\\/i0.wp.com\\\/sreda.mx\\\/wp-content\\\/uploads\\\/2018\\\/04\\\/cropped-sreda-icon-4.png?fit=512%2C512&ssl=1\",\"width\":512,\"height\":512,\"caption\":\"Educaci\u00f3n a Distancia Acapulco\"},\"image\":{\"@id\":\"https:\\\/\\\/sreda.mx\\\/#\\\/schema\\\/logo\\\/image\\\/\"},\"sameAs\":[\"https:\\\/\\\/www.facebook.com\\\/educacionadistancia.aca\",\"https:\\\/\\\/x.com\\\/contactoSREDA\"]}]}<\/script>\n<!-- \/ Yoast SEO plugin. -->","yoast_head_json":{"title":"Estrategias Did\u00e1cticas - Educaci\u00f3n a Distancia Acapulco","description":"En esta secci\u00f3n se promueven estrategias did\u00e1cticas basadas en enfoques y m\u00e9todos de la Nueva Escuela Mexicana (NEM), a trav\u00e9s de un conjunto articulado de acciones pedag\u00f3gicas y actividades planificadas, as\u00ed como herramientas de evaluaci\u00f3n formativa que conlleven a que los estudiantes logren aprendizajes significativos a partir de su mundo inmediato, a trav\u00e9s de relatos, textos, temas, testimonios, etc\u00e9tera, y una tarea a realizar en una situaci\u00f3n de la vida real.\u00a0\u00a0","robots":{"index":"index","follow":"follow","max-snippet":"max-snippet:-1","max-image-preview":"max-image-preview:large","max-video-preview":"max-video-preview:-1"},"canonical":"https:\/\/sreda.mx\/?page_id=891","og_locale":"es_MX","og_type":"article","og_title":"Estrategias Did\u00e1cticas - Educaci\u00f3n a Distancia Acapulco","og_description":"En esta secci\u00f3n se promueven estrategias did\u00e1cticas basadas en enfoques y m\u00e9todos de la Nueva Escuela Mexicana (NEM), a trav\u00e9s de un conjunto articulado de acciones pedag\u00f3gicas y actividades planificadas, as\u00ed como herramientas de evaluaci\u00f3n formativa que conlleven a que los estudiantes logren aprendizajes significativos a partir de su mundo inmediato, a trav\u00e9s de relatos, textos, temas, testimonios, etc\u00e9tera, y una tarea a realizar en una situaci\u00f3n de la vida real.\u00a0\u00a0","og_url":"https:\/\/sreda.mx\/?page_id=891","og_site_name":"Educaci\u00f3n a Distancia Acapulco","article_publisher":"https:\/\/www.facebook.com\/educacionadistancia.aca","article_modified_time":"2026-04-02T19:06:59+00:00","og_image":[{"url":"https:\/\/sreda.mx\/wp-content\/uploads\/2026\/04\/estrategiasDidacticas_img.jpg","type":"","width":"","height":""}],"twitter_card":"summary_large_image","twitter_site":"@contactoSREDA","twitter_misc":{"Tiempo de lectura":"2 minutos"},"schema":{"@context":"https:\/\/schema.org","@graph":[{"@type":"WebPage","@id":"https:\/\/sreda.mx\/?page_id=891","url":"https:\/\/sreda.mx\/?page_id=891","name":"Estrategias Did\u00e1cticas - Educaci\u00f3n a Distancia Acapulco","isPartOf":{"@id":"https:\/\/sreda.mx\/#website"},"primaryImageOfPage":{"@id":"https:\/\/sreda.mx\/?page_id=891#primaryimage"},"image":{"@id":"https:\/\/sreda.mx\/?page_id=891#primaryimage"},"thumbnailUrl":"https:\/\/sreda.mx\/wp-content\/uploads\/2026\/04\/estrategiasDidacticas_img.jpg","datePublished":"2018-04-20T02:54:49+00:00","dateModified":"2026-04-02T19:06:59+00:00","description":"En esta secci\u00f3n se promueven estrategias did\u00e1cticas basadas en enfoques y m\u00e9todos de la Nueva Escuela Mexicana (NEM), a trav\u00e9s de un conjunto articulado de acciones pedag\u00f3gicas y actividades planificadas, as\u00ed como herramientas de evaluaci\u00f3n formativa que conlleven a que los estudiantes logren aprendizajes significativos a partir de su mundo inmediato, a trav\u00e9s de relatos, textos, temas, testimonios, etc\u00e9tera, y una tarea a realizar en una situaci\u00f3n de la vida real.\u00a0\u00a0","breadcrumb":{"@id":"https:\/\/sreda.mx\/?page_id=891#breadcrumb"},"inLanguage":"es","potentialAction":[{"@type":"ReadAction","target":["https:\/\/sreda.mx\/?page_id=891"]}]},{"@type":"ImageObject","inLanguage":"es","@id":"https:\/\/sreda.mx\/?page_id=891#primaryimage","url":"https:\/\/i0.wp.com\/sreda.mx\/wp-content\/uploads\/2026\/04\/estrategiasDidacticas_img.jpg?fit=880%2C586&ssl=1","contentUrl":"https:\/\/i0.wp.com\/sreda.mx\/wp-content\/uploads\/2026\/04\/estrategiasDidacticas_img.jpg?fit=880%2C586&ssl=1","width":880,"height":586},{"@type":"BreadcrumbList","@id":"https:\/\/sreda.mx\/?page_id=891#breadcrumb","itemListElement":[{"@type":"ListItem","position":1,"name":"Inicio","item":"https:\/\/sreda.mx\/"},{"@type":"ListItem","position":2,"name":"Ambientes de Aprendizaje","item":"https:\/\/sreda.mx\/?page_id=887"},{"@type":"ListItem","position":3,"name":"Estrategias Did\u00e1cticas"}]},{"@type":"WebSite","@id":"https:\/\/sreda.mx\/#website","url":"https:\/\/sreda.mx\/","name":"Educaci\u00f3n a Distancia Acapulco","description":"Impulsando el uso de las TIC.","publisher":{"@id":"https:\/\/sreda.mx\/#organization"},"potentialAction":[{"@type":"SearchAction","target":{"@type":"EntryPoint","urlTemplate":"https:\/\/sreda.mx\/?s={search_term_string}"},"query-input":{"@type":"PropertyValueSpecification","valueRequired":true,"valueName":"search_term_string"}}],"inLanguage":"es"},{"@type":"Organization","@id":"https:\/\/sreda.mx\/#organization","name":"Educaci\u00f3n a Distancia Acapulco","url":"https:\/\/sreda.mx\/","logo":{"@type":"ImageObject","inLanguage":"es","@id":"https:\/\/sreda.mx\/#\/schema\/logo\/image\/","url":"https:\/\/i0.wp.com\/sreda.mx\/wp-content\/uploads\/2018\/04\/cropped-sreda-icon-4.png?fit=512%2C512&ssl=1","contentUrl":"https:\/\/i0.wp.com\/sreda.mx\/wp-content\/uploads\/2018\/04\/cropped-sreda-icon-4.png?fit=512%2C512&ssl=1","width":512,"height":512,"caption":"Educaci\u00f3n a Distancia Acapulco"},"image":{"@id":"https:\/\/sreda.mx\/#\/schema\/logo\/image\/"},"sameAs":["https:\/\/www.facebook.com\/educacionadistancia.aca","https:\/\/x.com\/contactoSREDA"]}]}},"jetpack_sharing_enabled":true,"jetpack_shortlink":"https:\/\/wp.me\/PaZysX-en","_links":{"self":[{"href":"https:\/\/sreda.mx\/index.php?rest_route=\/wp\/v2\/pages\/891","targetHints":{"allow":["GET"]}}],"collection":[{"href":"https:\/\/sreda.mx\/index.php?rest_route=\/wp\/v2\/pages"}],"about":[{"href":"https:\/\/sreda.mx\/index.php?rest_route=\/wp\/v2\/types\/page"}],"author":[{"embeddable":true,"href":"https:\/\/sreda.mx\/index.php?rest_route=\/wp\/v2\/users\/3"}],"replies":[{"embeddable":true,"href":"https:\/\/sreda.mx\/index.php?rest_route=%2Fwp%2Fv2%2Fcomments&post=891"}],"version-history":[{"count":18,"href":"https:\/\/sreda.mx\/index.php?rest_route=\/wp\/v2\/pages\/891\/revisions"}],"predecessor-version":[{"id":12259,"href":"https:\/\/sreda.mx\/index.php?rest_route=\/wp\/v2\/pages\/891\/revisions\/12259"}],"up":[{"embeddable":true,"href":"https:\/\/sreda.mx\/index.php?rest_route=\/wp\/v2\/pages\/887"}],"wp:attachment":[{"href":"https:\/\/sreda.mx\/index.php?rest_route=%2Fwp%2Fv2%2Fmedia&parent=891"}],"wp:term":[{"taxonomy":"folder","embeddable":true,"href":"https:\/\/sreda.mx\/index.php?rest_route=%2Fwp%2Fv2%2Ffolder&post=891"}],"curies":[{"name":"wp","href":"https:\/\/api.w.org\/{rel}","templated":true}]}}