
{"id":953,"date":"2018-01-08T14:10:55","date_gmt":"2018-01-08T20:10:55","guid":{"rendered":"https:\/\/sreda.mx\/?page_id=953"},"modified":"2025-06-07T15:51:00","modified_gmt":"2025-06-07T21:51:00","slug":"nosotros","status":"publish","type":"page","link":"https:\/\/sreda.mx\/?page_id=953","title":{"rendered":"Nosotros"},"content":{"rendered":"\n<div style=\"height:20px\" aria-hidden=\"true\" class=\"wp-block-spacer\"><\/div>\n\n\n\n<div class=\"wp-block-stackable-text stk-block-text stk-block stk-4b4ea7e\" data-block-id=\"4b4ea7e\"><p class=\"stk-block-text__text has-text-align-justify\">\u201cEn la Nueva Escuela Mexicana es central que las y los estudiantes aprendan de manera cr\u00edtica y creativa el papel que tiene en su vida la tecnolog\u00eda y su impacto en la cotidianidad\u201d.&nbsp;<\/p><\/div>\n\n\n\n<div class=\"wp-block-stackable-text stk-block-text stk-block stk-9347938\" data-block-id=\"9347938\"><p class=\"stk-block-text__text has-text-align-justify\">Lo anterior se refiere a que las y los estudiantes deben aprender que son parte de un mundo que prioriza la cultura letrada y que \u00e9sta convive con otros elementos culturales centrados en la oralidad, lo audiovisual y lo digital. Por eso es necesario que se acerquen a la cultura digital como a un \u00e1mbito social que es parte de su vida cotidiana.&nbsp;&nbsp;<\/p><\/div>\n\n\n\n<div class=\"wp-block-stackable-text stk-block-text stk-block stk-5e76207\" data-block-id=\"5e76207\"><p class=\"stk-block-text__text has-text-align-justify\">Es por ello que el Programa Educaci\u00f3n a Distancia regi\u00f3n Acapulco, crea la plataforma digital con diferentes secciones con la finalidad de contribuir a los lineamientos y desaf\u00edos del nuevo plan 2022.&nbsp;<\/p><\/div>\n\n\n\n<blockquote class=\"wp-block-stackable-blockquote stk-block-blockquote stk-block stk-9776fd1 is-style-default\" data-v=\"2\" data-block-id=\"9776fd1\"><div class=\"has-text-align-left stk-block-blockquote__content stk-container stk-9776fd1-container stk-hover-parent\"><div class=\"stk-block-content stk-inner-blocks\">\n<div class=\"wp-block-stackable-icon stk-block-icon stk-block stk-cbbafbe\" data-block-id=\"cbbafbe\"><span class=\"stk--svg-wrapper\"><div class=\"stk--inner-svg\"><svg style=\"height:0;width:0\"><defs><linearGradient id=\"linear-gradient-cbbafbe\" x1=\"0\" x2=\"100%\" y1=\"0\" y2=\"0\"><stop offset=\"0%\" style=\"stop-opacity:1;stop-color:var(--linear-gradient-cbbafbe-color-1)\"><\/stop><stop offset=\"100%\" style=\"stop-opacity:1;stop-color:var(--linear-gradient-cbbafbe-color-2)\"><\/stop><\/linearGradient><\/defs><\/svg><svg xmlns=\"http:\/\/www.w3.org\/2000\/svg\" viewBox=\"0 0 50 50\" aria-hidden=\"true\" width=\"32\" height=\"32\"><path d=\"M19.8 9.3C10.5 11.8 4.6 17 2.1 24.8c2.3-3.6 5.6-5.4 9.9-5.4 3.3 0 6 1.1 8.3 3.3 2.2 2.2 3.4 5 3.4 8.3 0 3.2-1.1 5.8-3.3 8-2.2 2.2-5.1 3.2-8.7 3.2-3.7 0-6.5-1.2-8.6-3.5C1 36.3 0 33.1 0 29 0 18.3 6.5 11.2 19.6 7.9l.2 1.4zm26.4 0C36.9 11.9 31 17 28.5 24.8c2.2-3.6 5.5-5.4 9.8-5.4 3.2 0 6 1.1 8.3 3.2 2.3 2.2 3.4 4.9 3.4 8.3 0 3.1-1.1 5.8-3.3 7.9-2.2 2.2-5.1 3.3-8.6 3.3-3.7 0-6.6-1.1-8.6-3.4-2.1-2.3-3.1-5.5-3.1-9.7 0-10.7 6.6-17.8 19.7-21.1l.1 1.4z\"><\/path><\/svg><\/div><\/span><\/div>\n\n\n\n<div class=\"wp-block-stackable-text stk-block-text stk-block stk-d15fbc5\" data-block-id=\"d15fbc5\"><p class=\"stk-block-text__text\">El desaf\u00edo es que las y los estudiantes desarrollen capacidades necesarias para que puedan hacer diferentes usos de las tecnolog\u00edas de acuerdo con su realidad concreta, adem\u00e1s de que den sentido a lo que ven, leen y escuchan, pero tambi\u00e9n puedan generar y dise\u00f1ar nuevos contenidos. Todo ello, a partir de una actitud reflexiva y de manera creativa.\u00a0<\/p><\/div>\n<\/div><\/div><\/blockquote>\n\n\n\n<div class=\"wp-block-stackable-text stk-block-text stk-block stk-4a3c0b9\" data-block-id=\"4a3c0b9\"><p class=\"stk-block-text__text\">Asimismo, para la Nueva Escuela Mexicana, la formaci\u00f3n en la cultura digital implica la educaci\u00f3n de sujetos con derechos y deberes que se extienden hasta el uso de las redes y plataformas digitales, en donde tambi\u00e9n se establecen compromisos sociales con los otros basados en la colaboraci\u00f3n y el intercambio, en un marco de respeto, bienestar y buen trato\u201d.&nbsp;<\/p><\/div>\n\n\n\n<div class=\"wp-block-stackable-text stk-block-text stk-block stk-4466bef\" data-block-id=\"4466bef\"><p class=\"stk-block-text__text\">Como parte fundamental Educaci\u00f3n a Distancia oferta ambientes de aprendizajes a trav\u00e9s de la creaci\u00f3n y apropiaci\u00f3n de contenidos digitales relacionados con la vida diaria de las y los estudiantes, as\u00ed como del profesorado, que les permita acercarse a situaciones que les son comunes en el plano local, regional, nacional y mundial a trav\u00e9s de las redes.&nbsp;&nbsp;<\/p><\/div>\n\n\n\n<p><\/p>\n","protected":false},"excerpt":{"rendered":"<p>\u201cEn la Nueva Escuela Mexicana es central que las y los estudiantes aprendan de manera cr\u00edtica y creativa el papel que tiene en su vida la tecnolog\u00eda y su impacto en la cotidianidad\u201d.&nbsp; Lo anterior se refiere a que las <a class=\"more-link\" href=\"https:\/\/sreda.mx\/?page_id=953\">Leer M\u00e1s &#8230;<\/a><\/p>\n","protected":false},"author":3,"featured_media":0,"parent":0,"menu_order":0,"comment_status":"closed","ping_status":"closed","template":"","meta":{"footnotes":""},"folder":[342],"class_list":["post-953","page","type-page","status-publish","hentry"],"featured_image_urls_v2":{"full":"","thumbnail":"","medium":"","medium_large":"","large":"","1536x1536":"","2048x2048":"","post-thumbnail":"","clean-magazine-slider":"","clean-magazine-featured":"","clean-magazine-landscape":"","clean-magazine-small":""},"post_excerpt_stackable_v2":"<p>\u201cEn la Nueva Escuela Mexicana es central que las y los estudiantes aprendan de manera cr\u00edtica y creativa el papel que tiene en su vida la tecnolog\u00eda y su impacto en la cotidianidad\u201d.&nbsp; Lo anterior se refiere a que las y los estudiantes deben aprender que son parte de un mundo que prioriza la cultura letrada y que \u00e9sta convive con otros elementos culturales centrados en la oralidad, lo audiovisual y lo digital. Por eso es necesario que se acerquen a la cultura digital como a un \u00e1mbito social que es parte de su vida cotidiana.&nbsp;&nbsp; Es por ello que&hellip;<\/p>\n","category_list_v2":"","author_info_v2":{"name":"geekMx","url":"https:\/\/sreda.mx\/?author=3"},"comments_num_v2":"0 comments","yoast_head":"<!-- This site is optimized with the Yoast SEO plugin v27.5 - https:\/\/yoast.com\/product\/yoast-seo-wordpress\/ -->\n<title>Nosotros - Educaci\u00f3n a Distancia Acapulco<\/title>\n<meta name=\"robots\" content=\"index, follow, max-snippet:-1, max-image-preview:large, max-video-preview:-1\" \/>\n<link rel=\"canonical\" href=\"https:\/\/sreda.mx\/?page_id=953\" \/>\n<meta property=\"og:locale\" content=\"es_MX\" \/>\n<meta property=\"og:type\" content=\"article\" \/>\n<meta property=\"og:title\" content=\"Nosotros - Educaci\u00f3n a Distancia Acapulco\" \/>\n<meta property=\"og:description\" content=\"\u201cEn la Nueva Escuela Mexicana es central que las y los estudiantes aprendan de manera cr\u00edtica y creativa el papel que tiene en su vida la tecnolog\u00eda y su impacto en la cotidianidad\u201d.&nbsp; Lo anterior se refiere a que las Leer M\u00e1s ...\" \/>\n<meta property=\"og:url\" content=\"https:\/\/sreda.mx\/?page_id=953\" \/>\n<meta property=\"og:site_name\" content=\"Educaci\u00f3n a Distancia Acapulco\" \/>\n<meta property=\"article:publisher\" content=\"https:\/\/www.facebook.com\/educacionadistancia.aca\" \/>\n<meta property=\"article:modified_time\" content=\"2025-06-07T21:51:00+00:00\" \/>\n<meta name=\"twitter:card\" content=\"summary_large_image\" \/>\n<meta name=\"twitter:site\" content=\"@contactoSREDA\" \/>\n<meta name=\"twitter:label1\" content=\"Tiempo de lectura\" \/>\n\t<meta name=\"twitter:data1\" content=\"2 minutos\" \/>\n<script type=\"application\/ld+json\" class=\"yoast-schema-graph\">{\"@context\":\"https:\\\/\\\/schema.org\",\"@graph\":[{\"@type\":\"WebPage\",\"@id\":\"https:\\\/\\\/sreda.mx\\\/?page_id=953\",\"url\":\"https:\\\/\\\/sreda.mx\\\/?page_id=953\",\"name\":\"Nosotros - Educaci\u00f3n a Distancia Acapulco\",\"isPartOf\":{\"@id\":\"https:\\\/\\\/sreda.mx\\\/#website\"},\"datePublished\":\"2018-01-08T20:10:55+00:00\",\"dateModified\":\"2025-06-07T21:51:00+00:00\",\"breadcrumb\":{\"@id\":\"https:\\\/\\\/sreda.mx\\\/?page_id=953#breadcrumb\"},\"inLanguage\":\"es\",\"potentialAction\":[{\"@type\":\"ReadAction\",\"target\":[\"https:\\\/\\\/sreda.mx\\\/?page_id=953\"]}]},{\"@type\":\"BreadcrumbList\",\"@id\":\"https:\\\/\\\/sreda.mx\\\/?page_id=953#breadcrumb\",\"itemListElement\":[{\"@type\":\"ListItem\",\"position\":1,\"name\":\"Inicio\",\"item\":\"https:\\\/\\\/sreda.mx\\\/\"},{\"@type\":\"ListItem\",\"position\":2,\"name\":\"Nosotros\"}]},{\"@type\":\"WebSite\",\"@id\":\"https:\\\/\\\/sreda.mx\\\/#website\",\"url\":\"https:\\\/\\\/sreda.mx\\\/\",\"name\":\"Educaci\u00f3n a Distancia Acapulco\",\"description\":\"Impulsando el uso de las TIC.\",\"publisher\":{\"@id\":\"https:\\\/\\\/sreda.mx\\\/#organization\"},\"potentialAction\":[{\"@type\":\"SearchAction\",\"target\":{\"@type\":\"EntryPoint\",\"urlTemplate\":\"https:\\\/\\\/sreda.mx\\\/?s={search_term_string}\"},\"query-input\":{\"@type\":\"PropertyValueSpecification\",\"valueRequired\":true,\"valueName\":\"search_term_string\"}}],\"inLanguage\":\"es\"},{\"@type\":\"Organization\",\"@id\":\"https:\\\/\\\/sreda.mx\\\/#organization\",\"name\":\"Educaci\u00f3n a Distancia Acapulco\",\"url\":\"https:\\\/\\\/sreda.mx\\\/\",\"logo\":{\"@type\":\"ImageObject\",\"inLanguage\":\"es\",\"@id\":\"https:\\\/\\\/sreda.mx\\\/#\\\/schema\\\/logo\\\/image\\\/\",\"url\":\"https:\\\/\\\/i0.wp.com\\\/sreda.mx\\\/wp-content\\\/uploads\\\/2018\\\/04\\\/cropped-sreda-icon-4.png?fit=512%2C512&ssl=1\",\"contentUrl\":\"https:\\\/\\\/i0.wp.com\\\/sreda.mx\\\/wp-content\\\/uploads\\\/2018\\\/04\\\/cropped-sreda-icon-4.png?fit=512%2C512&ssl=1\",\"width\":512,\"height\":512,\"caption\":\"Educaci\u00f3n a Distancia Acapulco\"},\"image\":{\"@id\":\"https:\\\/\\\/sreda.mx\\\/#\\\/schema\\\/logo\\\/image\\\/\"},\"sameAs\":[\"https:\\\/\\\/www.facebook.com\\\/educacionadistancia.aca\",\"https:\\\/\\\/x.com\\\/contactoSREDA\"]}]}<\/script>\n<!-- \/ Yoast SEO plugin. -->","yoast_head_json":{"title":"Nosotros - Educaci\u00f3n a Distancia Acapulco","robots":{"index":"index","follow":"follow","max-snippet":"max-snippet:-1","max-image-preview":"max-image-preview:large","max-video-preview":"max-video-preview:-1"},"canonical":"https:\/\/sreda.mx\/?page_id=953","og_locale":"es_MX","og_type":"article","og_title":"Nosotros - Educaci\u00f3n a Distancia Acapulco","og_description":"\u201cEn la Nueva Escuela Mexicana es central que las y los estudiantes aprendan de manera cr\u00edtica y creativa el papel que tiene en su vida la tecnolog\u00eda y su impacto en la cotidianidad\u201d.&nbsp; Lo anterior se refiere a que las Leer M\u00e1s ...","og_url":"https:\/\/sreda.mx\/?page_id=953","og_site_name":"Educaci\u00f3n a Distancia Acapulco","article_publisher":"https:\/\/www.facebook.com\/educacionadistancia.aca","article_modified_time":"2025-06-07T21:51:00+00:00","twitter_card":"summary_large_image","twitter_site":"@contactoSREDA","twitter_misc":{"Tiempo de lectura":"2 minutos"},"schema":{"@context":"https:\/\/schema.org","@graph":[{"@type":"WebPage","@id":"https:\/\/sreda.mx\/?page_id=953","url":"https:\/\/sreda.mx\/?page_id=953","name":"Nosotros - Educaci\u00f3n a Distancia Acapulco","isPartOf":{"@id":"https:\/\/sreda.mx\/#website"},"datePublished":"2018-01-08T20:10:55+00:00","dateModified":"2025-06-07T21:51:00+00:00","breadcrumb":{"@id":"https:\/\/sreda.mx\/?page_id=953#breadcrumb"},"inLanguage":"es","potentialAction":[{"@type":"ReadAction","target":["https:\/\/sreda.mx\/?page_id=953"]}]},{"@type":"BreadcrumbList","@id":"https:\/\/sreda.mx\/?page_id=953#breadcrumb","itemListElement":[{"@type":"ListItem","position":1,"name":"Inicio","item":"https:\/\/sreda.mx\/"},{"@type":"ListItem","position":2,"name":"Nosotros"}]},{"@type":"WebSite","@id":"https:\/\/sreda.mx\/#website","url":"https:\/\/sreda.mx\/","name":"Educaci\u00f3n a Distancia Acapulco","description":"Impulsando el uso de las TIC.","publisher":{"@id":"https:\/\/sreda.mx\/#organization"},"potentialAction":[{"@type":"SearchAction","target":{"@type":"EntryPoint","urlTemplate":"https:\/\/sreda.mx\/?s={search_term_string}"},"query-input":{"@type":"PropertyValueSpecification","valueRequired":true,"valueName":"search_term_string"}}],"inLanguage":"es"},{"@type":"Organization","@id":"https:\/\/sreda.mx\/#organization","name":"Educaci\u00f3n a Distancia Acapulco","url":"https:\/\/sreda.mx\/","logo":{"@type":"ImageObject","inLanguage":"es","@id":"https:\/\/sreda.mx\/#\/schema\/logo\/image\/","url":"https:\/\/i0.wp.com\/sreda.mx\/wp-content\/uploads\/2018\/04\/cropped-sreda-icon-4.png?fit=512%2C512&ssl=1","contentUrl":"https:\/\/i0.wp.com\/sreda.mx\/wp-content\/uploads\/2018\/04\/cropped-sreda-icon-4.png?fit=512%2C512&ssl=1","width":512,"height":512,"caption":"Educaci\u00f3n a Distancia Acapulco"},"image":{"@id":"https:\/\/sreda.mx\/#\/schema\/logo\/image\/"},"sameAs":["https:\/\/www.facebook.com\/educacionadistancia.aca","https:\/\/x.com\/contactoSREDA"]}]}},"jetpack_sharing_enabled":true,"jetpack_shortlink":"https:\/\/wp.me\/PaZysX-fn","_links":{"self":[{"href":"https:\/\/sreda.mx\/index.php?rest_route=\/wp\/v2\/pages\/953","targetHints":{"allow":["GET"]}}],"collection":[{"href":"https:\/\/sreda.mx\/index.php?rest_route=\/wp\/v2\/pages"}],"about":[{"href":"https:\/\/sreda.mx\/index.php?rest_route=\/wp\/v2\/types\/page"}],"author":[{"embeddable":true,"href":"https:\/\/sreda.mx\/index.php?rest_route=\/wp\/v2\/users\/3"}],"replies":[{"embeddable":true,"href":"https:\/\/sreda.mx\/index.php?rest_route=%2Fwp%2Fv2%2Fcomments&post=953"}],"version-history":[{"count":15,"href":"https:\/\/sreda.mx\/index.php?rest_route=\/wp\/v2\/pages\/953\/revisions"}],"predecessor-version":[{"id":8935,"href":"https:\/\/sreda.mx\/index.php?rest_route=\/wp\/v2\/pages\/953\/revisions\/8935"}],"wp:attachment":[{"href":"https:\/\/sreda.mx\/index.php?rest_route=%2Fwp%2Fv2%2Fmedia&parent=953"}],"wp:term":[{"taxonomy":"folder","embeddable":true,"href":"https:\/\/sreda.mx\/index.php?rest_route=%2Fwp%2Fv2%2Ffolder&post=953"}],"curies":[{"name":"wp","href":"https:\/\/api.w.org\/{rel}","templated":true}]}}